{"id":716,"date":"2023-04-28T12:49:07","date_gmt":"2023-04-28T10:49:07","guid":{"rendered":"https:\/\/rvnski.eu\/?post_type=product&#038;p=716"},"modified":"2025-10-17T08:38:20","modified_gmt":"2025-10-17T05:38:20","slug":"internetinio-puslapio-saugumas","status":"publish","type":"product","link":"https:\/\/rvnski.eu\/en\/svetainiu-kurimas\/internetinio-puslapio-saugumas\/","title":{"rendered":"Internetinio puslapio saugumas"},"content":{"rendered":"","protected":false},"excerpt":{"rendered":"<p>Apsaugokite savo svetain\u0119 su m\u016bs\u0173 profesionalia interneto kenk\u0117ji\u0161k\u0173 program\u0173 \u0161alinimo paslauga. Greitai ir efektyviai pa\u0161aliname kenk\u0117ji\u0161kas programas, u\u017etikrindami, kad j\u016bs\u0173 svetain\u0117 i\u0161likt\u0173 saugi ir veikianti. M\u016bs\u0173 komanda teikia palaikym\u0105, atlieka i\u0161samias patikras, kad apsaugot\u0173 nuo b\u016bsim\u0173 gr\u0117smi\u0173. <\/p>","protected":false},"featured_media":1794,"template":"","meta":[],"product_brand":[],"product_cat":[15],"product_tag":[],"class_list":{"0":"post-716","1":"product","2":"type-product","3":"status-publish","4":"has-post-thumbnail","6":"product_cat-svetainiu-kurimas","8":"first","9":"instock","10":"shipping-taxable","11":"purchasable","12":"product-type-variable"},"yoast_head":"<!-- This site is optimized with the Yoast SEO plugin v27.4 - https:\/\/yoast.com\/product\/yoast-seo-wordpress\/ -->\n<title>Internetinio puslapio saugumas - Prek\u0117s \u017eenklas &amp; S\u0105veika<\/title>\n<meta name=\"description\" content=\"Enhance your site&#039;s safety and performance with our trusted malware removal solutions. Don&#039;t let cyber threats compromise your business.\" \/>\n<meta name=\"robots\" content=\"index, follow, max-snippet:-1, max-image-preview:large, max-video-preview:-1\" \/>\n<link rel=\"canonical\" href=\"https:\/\/rvnski.eu\/en\/svetainiu-kurimas\/internetinio-puslapio-saugumas\/\" \/>\n<meta property=\"og:locale\" content=\"en_US\" \/>\n<meta property=\"og:type\" content=\"article\" \/>\n<meta property=\"og:title\" content=\"Security - Branding &amp; Interaction\" \/>\n<meta property=\"og:description\" content=\"Enhance your site&#039;s safety and performance with our trusted malware removal solutions. Don&#039;t let cyber threats compromise your business.\" \/>\n<meta property=\"og:url\" content=\"https:\/\/rvnski.eu\/en\/svetainiu-kurimas\/internetinio-puslapio-saugumas\/\" \/>\n<meta property=\"og:site_name\" content=\"Prek\u0117s \u017eenklas &amp; S\u0105veika\" \/>\n<meta property=\"article:modified_time\" content=\"2025-10-17T05:38:20+00:00\" \/>\n<meta property=\"og:image\" content=\"https:\/\/rvnski.eu\/wp-content\/uploads\/soc.jpg\" \/>\n\t<meta property=\"og:image:width\" content=\"1134\" \/>\n\t<meta property=\"og:image:height\" content=\"661\" \/>\n\t<meta property=\"og:image:type\" content=\"image\/jpeg\" \/>\n<meta name=\"twitter:card\" content=\"summary_large_image\" \/>\n<meta name=\"twitter:title\" content=\"Security - Branding &amp; Interaction\" \/>\n<meta name=\"twitter:description\" content=\"Enhance your site&#039;s safety and performance with our trusted malware removal solutions. Don&#039;t let cyber threats compromise your business.\" \/>\n<meta name=\"twitter:image\" content=\"https:\/\/rvnski.eu\/wp-content\/uploads\/soc.jpg\" \/>\n<meta name=\"twitter:label1\" content=\"Est. reading time\" \/>\n\t<meta name=\"twitter:data1\" content=\"1 minute\" \/>\n<script type=\"application\/ld+json\" class=\"yoast-schema-graph\">{\"@context\":\"https:\\\/\\\/schema.org\",\"@graph\":[{\"@type\":\"WebPage\",\"@id\":\"https:\\\/\\\/rvnski.eu\\\/svetainiu-kurimas\\\/internetinio-puslapio-saugumas\\\/\",\"url\":\"https:\\\/\\\/rvnski.eu\\\/svetainiu-kurimas\\\/internetinio-puslapio-saugumas\\\/\",\"name\":\"Internetinio puslapio saugumas - Prek\u0117s \u017eenklas &amp; S\u0105veika\",\"isPartOf\":{\"@id\":\"https:\\\/\\\/rvnski.eu\\\/#website\"},\"primaryImageOfPage\":{\"@id\":\"https:\\\/\\\/rvnski.eu\\\/svetainiu-kurimas\\\/internetinio-puslapio-saugumas\\\/#primaryimage\"},\"image\":{\"@id\":\"https:\\\/\\\/rvnski.eu\\\/svetainiu-kurimas\\\/internetinio-puslapio-saugumas\\\/#primaryimage\"},\"thumbnailUrl\":\"https:\\\/\\\/rvnski.eu\\\/wp-content\\\/uploads\\\/Svetainiu-saugumo-auditas-virusu-valymas.png\",\"datePublished\":\"2023-04-28T10:49:07+00:00\",\"dateModified\":\"2025-10-17T05:38:20+00:00\",\"description\":\"Enhance your site's safety and performance with our trusted malware removal solutions. Don't let cyber threats compromise your business.\",\"breadcrumb\":{\"@id\":\"https:\\\/\\\/rvnski.eu\\\/svetainiu-kurimas\\\/internetinio-puslapio-saugumas\\\/#breadcrumb\"},\"inLanguage\":\"en-US\",\"potentialAction\":[{\"@type\":\"ReadAction\",\"target\":[\"https:\\\/\\\/rvnski.eu\\\/svetainiu-kurimas\\\/internetinio-puslapio-saugumas\\\/\"]}]},{\"@type\":\"ImageObject\",\"inLanguage\":\"en-US\",\"@id\":\"https:\\\/\\\/rvnski.eu\\\/svetainiu-kurimas\\\/internetinio-puslapio-saugumas\\\/#primaryimage\",\"url\":\"https:\\\/\\\/rvnski.eu\\\/wp-content\\\/uploads\\\/Svetainiu-saugumo-auditas-virusu-valymas.png\",\"contentUrl\":\"https:\\\/\\\/rvnski.eu\\\/wp-content\\\/uploads\\\/Svetainiu-saugumo-auditas-virusu-valymas.png\",\"width\":653,\"height\":382,\"caption\":\"Svetaini\u0173 saugumo auditas, virusu valymas\"},{\"@type\":\"BreadcrumbList\",\"@id\":\"https:\\\/\\\/rvnski.eu\\\/svetainiu-kurimas\\\/internetinio-puslapio-saugumas\\\/#breadcrumb\",\"itemListElement\":[{\"@type\":\"ListItem\",\"position\":1,\"name\":\"Home\",\"item\":\"https:\\\/\\\/rvnski.eu\\\/\"},{\"@type\":\"ListItem\",\"position\":2,\"name\":\"Products\",\"item\":\"https:\\\/\\\/rvnski.eu\\\/shop\\\/\"},{\"@type\":\"ListItem\",\"position\":3,\"name\":\"Internetinio puslapio saugumas\"}]},{\"@type\":\"WebSite\",\"@id\":\"https:\\\/\\\/rvnski.eu\\\/#website\",\"url\":\"https:\\\/\\\/rvnski.eu\\\/\",\"name\":\"Prek\u0117s \u017eenklas &amp; S\u0105veika\",\"description\":\"\",\"publisher\":{\"@id\":\"https:\\\/\\\/rvnski.eu\\\/#organization\"},\"potentialAction\":[{\"@type\":\"SearchAction\",\"target\":{\"@type\":\"EntryPoint\",\"urlTemplate\":\"https:\\\/\\\/rvnski.eu\\\/?s={search_term_string}\"},\"query-input\":{\"@type\":\"PropertyValueSpecification\",\"valueRequired\":true,\"valueName\":\"search_term_string\"}}],\"inLanguage\":\"en-US\"},{\"@type\":\"Organization\",\"@id\":\"https:\\\/\\\/rvnski.eu\\\/#organization\",\"name\":\"Prek\u0117s \u017eenklas &amp; S\u0105veika\",\"url\":\"https:\\\/\\\/rvnski.eu\\\/\",\"logo\":{\"@type\":\"ImageObject\",\"inLanguage\":\"en-US\",\"@id\":\"https:\\\/\\\/rvnski.eu\\\/#\\\/schema\\\/logo\\\/image\\\/\",\"url\":\"https:\\\/\\\/rvnski.eu\\\/wp-content\\\/uploads\\\/fav.png\",\"contentUrl\":\"https:\\\/\\\/rvnski.eu\\\/wp-content\\\/uploads\\\/fav.png\",\"width\":512,\"height\":512,\"caption\":\"Prek\u0117s \u017eenklas &amp; S\u0105veika\"},\"image\":{\"@id\":\"https:\\\/\\\/rvnski.eu\\\/#\\\/schema\\\/logo\\\/image\\\/\"}}]}<\/script>\n<!-- \/ Yoast SEO plugin. -->","yoast_head_json":{"title":"Internetinio puslapio saugumas - Prek\u0117s \u017eenklas &amp; S\u0105veika","description":"Enhance your site's safety and performance with our trusted malware removal solutions. Don't let cyber threats compromise your business.","robots":{"index":"index","follow":"follow","max-snippet":"max-snippet:-1","max-image-preview":"max-image-preview:large","max-video-preview":"max-video-preview:-1"},"canonical":"https:\/\/rvnski.eu\/en\/svetainiu-kurimas\/internetinio-puslapio-saugumas\/","og_locale":"en_US","og_type":"article","og_title":"Security - Branding & Interaction","og_description":"Enhance your site's safety and performance with our trusted malware removal solutions. Don't let cyber threats compromise your business.","og_url":"https:\/\/rvnski.eu\/en\/svetainiu-kurimas\/internetinio-puslapio-saugumas\/","og_site_name":"Prek\u0117s \u017eenklas &amp; S\u0105veika","article_modified_time":"2025-10-17T05:38:20+00:00","og_image":[{"width":1134,"height":661,"url":"https:\/\/rvnski.eu\/wp-content\/uploads\/soc.jpg","type":"image\/jpeg"}],"twitter_card":"summary_large_image","twitter_title":"Security - Branding & Interaction","twitter_description":"Enhance your site's safety and performance with our trusted malware removal solutions. Don't let cyber threats compromise your business.","twitter_image":"https:\/\/rvnski.eu\/wp-content\/uploads\/soc.jpg","twitter_misc":{"Est. reading time":"1 minute"},"schema":{"@context":"https:\/\/schema.org","@graph":[{"@type":"WebPage","@id":"https:\/\/rvnski.eu\/svetainiu-kurimas\/internetinio-puslapio-saugumas\/","url":"https:\/\/rvnski.eu\/svetainiu-kurimas\/internetinio-puslapio-saugumas\/","name":"Internetinio puslapio saugumas - Prek\u0117s \u017eenklas &amp; S\u0105veika","isPartOf":{"@id":"https:\/\/rvnski.eu\/#website"},"primaryImageOfPage":{"@id":"https:\/\/rvnski.eu\/svetainiu-kurimas\/internetinio-puslapio-saugumas\/#primaryimage"},"image":{"@id":"https:\/\/rvnski.eu\/svetainiu-kurimas\/internetinio-puslapio-saugumas\/#primaryimage"},"thumbnailUrl":"https:\/\/rvnski.eu\/wp-content\/uploads\/Svetainiu-saugumo-auditas-virusu-valymas.png","datePublished":"2023-04-28T10:49:07+00:00","dateModified":"2025-10-17T05:38:20+00:00","description":"Enhance your site's safety and performance with our trusted malware removal solutions. Don't let cyber threats compromise your business.","breadcrumb":{"@id":"https:\/\/rvnski.eu\/svetainiu-kurimas\/internetinio-puslapio-saugumas\/#breadcrumb"},"inLanguage":"en-US","potentialAction":[{"@type":"ReadAction","target":["https:\/\/rvnski.eu\/svetainiu-kurimas\/internetinio-puslapio-saugumas\/"]}]},{"@type":"ImageObject","inLanguage":"en-US","@id":"https:\/\/rvnski.eu\/svetainiu-kurimas\/internetinio-puslapio-saugumas\/#primaryimage","url":"https:\/\/rvnski.eu\/wp-content\/uploads\/Svetainiu-saugumo-auditas-virusu-valymas.png","contentUrl":"https:\/\/rvnski.eu\/wp-content\/uploads\/Svetainiu-saugumo-auditas-virusu-valymas.png","width":653,"height":382,"caption":"Svetaini\u0173 saugumo auditas, virusu valymas"},{"@type":"BreadcrumbList","@id":"https:\/\/rvnski.eu\/svetainiu-kurimas\/internetinio-puslapio-saugumas\/#breadcrumb","itemListElement":[{"@type":"ListItem","position":1,"name":"Home","item":"https:\/\/rvnski.eu\/"},{"@type":"ListItem","position":2,"name":"Products","item":"https:\/\/rvnski.eu\/shop\/"},{"@type":"ListItem","position":3,"name":"Internetinio puslapio saugumas"}]},{"@type":"WebSite","@id":"https:\/\/rvnski.eu\/#website","url":"https:\/\/rvnski.eu\/","name":"Branding &amp; Interaction","description":"","publisher":{"@id":"https:\/\/rvnski.eu\/#organization"},"potentialAction":[{"@type":"SearchAction","target":{"@type":"EntryPoint","urlTemplate":"https:\/\/rvnski.eu\/?s={search_term_string}"},"query-input":{"@type":"PropertyValueSpecification","valueRequired":true,"valueName":"search_term_string"}}],"inLanguage":"en-US"},{"@type":"Organization","@id":"https:\/\/rvnski.eu\/#organization","name":"Branding &amp; Interaction","url":"https:\/\/rvnski.eu\/","logo":{"@type":"ImageObject","inLanguage":"en-US","@id":"https:\/\/rvnski.eu\/#\/schema\/logo\/image\/","url":"https:\/\/rvnski.eu\/wp-content\/uploads\/fav.png","contentUrl":"https:\/\/rvnski.eu\/wp-content\/uploads\/fav.png","width":512,"height":512,"caption":"Prek\u0117s \u017eenklas &amp; S\u0105veika"},"image":{"@id":"https:\/\/rvnski.eu\/#\/schema\/logo\/image\/"}}]}},"_links":{"self":[{"href":"https:\/\/rvnski.eu\/en\/wp-json\/wp\/v2\/product\/716","targetHints":{"allow":["GET"]}}],"collection":[{"href":"https:\/\/rvnski.eu\/en\/wp-json\/wp\/v2\/product"}],"about":[{"href":"https:\/\/rvnski.eu\/en\/wp-json\/wp\/v2\/types\/product"}],"wp:featuredmedia":[{"embeddable":true,"href":"https:\/\/rvnski.eu\/en\/wp-json\/wp\/v2\/media\/1794"}],"wp:attachment":[{"href":"https:\/\/rvnski.eu\/en\/wp-json\/wp\/v2\/media?parent=716"}],"wp:term":[{"taxonomy":"product_brand","embeddable":true,"href":"https:\/\/rvnski.eu\/en\/wp-json\/wp\/v2\/product_brand?post=716"},{"taxonomy":"product_cat","embeddable":true,"href":"https:\/\/rvnski.eu\/en\/wp-json\/wp\/v2\/product_cat?post=716"},{"taxonomy":"product_tag","embeddable":true,"href":"https:\/\/rvnski.eu\/en\/wp-json\/wp\/v2\/product_tag?post=716"}],"curies":[{"name":"wp","href":"https:\/\/api.w.org\/{rel}","templated":true}]}}