{"id":262,"date":"2022-12-09T13:36:56","date_gmt":"2022-12-09T11:36:56","guid":{"rendered":"https:\/\/rvnski.eu\/?post_type=product&#038;p=262"},"modified":"2025-10-17T08:39:03","modified_gmt":"2025-10-17T05:39:03","slug":"interneto-svetainiu-prieziura-ir-administravimas","status":"publish","type":"product","link":"https:\/\/rvnski.eu\/en\/svetainiu-kurimas\/interneto-svetainiu-prieziura-ir-administravimas\/","title":{"rendered":"Interneto svetaini\u0173 prie\u017ei\u016bra ir administravimas"},"content":{"rendered":"","protected":false},"excerpt":{"rendered":"","protected":false},"featured_media":1686,"template":"","meta":[],"product_brand":[],"product_cat":[15],"product_tag":[],"class_list":{"0":"post-262","1":"product","2":"type-product","3":"status-publish","4":"has-post-thumbnail","6":"product_cat-svetainiu-kurimas","8":"first","9":"instock","10":"shipping-taxable","11":"purchasable","12":"product-type-variable"},"yoast_head":"<!-- This site is optimized with the Yoast SEO plugin v27.4 - https:\/\/yoast.com\/product\/yoast-seo-wordpress\/ -->\n<title>Interneto svetaini\u0173 prie\u017ei\u016bra ir administravimas - Prek\u0117s \u017eenklas &amp; S\u0105veika<\/title>\n<meta name=\"description\" content=\"Keep your website running smoothly. We ensure your site is always up-to-date, secure, and optimised, providing a seamless experience for your visitors.\" \/>\n<meta name=\"robots\" content=\"index, follow, max-snippet:-1, max-image-preview:large, max-video-preview:-1\" \/>\n<link rel=\"canonical\" href=\"https:\/\/rvnski.eu\/en\/svetainiu-kurimas\/interneto-svetainiu-prieziura-ir-administravimas\/\" \/>\n<meta property=\"og:locale\" content=\"en_US\" \/>\n<meta property=\"og:type\" content=\"article\" \/>\n<meta property=\"og:title\" content=\"Maintenance - Branding &amp; Interaction\" \/>\n<meta property=\"og:description\" content=\"Keep your website running smoothly. We ensure your site is always up-to-date, secure, and optimised, providing a seamless experience for your visitors.\" \/>\n<meta property=\"og:url\" content=\"https:\/\/rvnski.eu\/en\/svetainiu-kurimas\/interneto-svetainiu-prieziura-ir-administravimas\/\" \/>\n<meta property=\"og:site_name\" content=\"Prek\u0117s \u017eenklas &amp; S\u0105veika\" \/>\n<meta property=\"article:modified_time\" content=\"2025-10-17T05:39:03+00:00\" \/>\n<meta property=\"og:image\" content=\"https:\/\/rvnski.eu\/wp-content\/uploads\/soc.jpg\" \/>\n\t<meta property=\"og:image:width\" content=\"1134\" \/>\n\t<meta property=\"og:image:height\" content=\"661\" \/>\n\t<meta property=\"og:image:type\" content=\"image\/jpeg\" \/>\n<meta name=\"twitter:card\" content=\"summary_large_image\" \/>\n<meta name=\"twitter:title\" content=\"Maintenance - Branding &amp; Interaction\" \/>\n<meta name=\"twitter:description\" content=\"Keep your website running smoothly. We ensure your site is always up-to-date, secure, and optimised, providing a seamless experience for your visitors.\" \/>\n<meta name=\"twitter:image\" content=\"https:\/\/rvnski.eu\/wp-content\/uploads\/soc.jpg\" \/>\n<meta name=\"twitter:label1\" content=\"Est. reading time\" \/>\n\t<meta name=\"twitter:data1\" content=\"1 minute\" \/>\n<script type=\"application\/ld+json\" class=\"yoast-schema-graph\">{\"@context\":\"https:\\\/\\\/schema.org\",\"@graph\":[{\"@type\":\"WebPage\",\"@id\":\"https:\\\/\\\/rvnski.eu\\\/svetainiu-kurimas\\\/interneto-svetainiu-prieziura-ir-administravimas\\\/\",\"url\":\"https:\\\/\\\/rvnski.eu\\\/svetainiu-kurimas\\\/interneto-svetainiu-prieziura-ir-administravimas\\\/\",\"name\":\"Interneto svetaini\u0173 prie\u017ei\u016bra ir administravimas - Prek\u0117s \u017eenklas &amp; S\u0105veika\",\"isPartOf\":{\"@id\":\"https:\\\/\\\/rvnski.eu\\\/#website\"},\"primaryImageOfPage\":{\"@id\":\"https:\\\/\\\/rvnski.eu\\\/svetainiu-kurimas\\\/interneto-svetainiu-prieziura-ir-administravimas\\\/#primaryimage\"},\"image\":{\"@id\":\"https:\\\/\\\/rvnski.eu\\\/svetainiu-kurimas\\\/interneto-svetainiu-prieziura-ir-administravimas\\\/#primaryimage\"},\"thumbnailUrl\":\"https:\\\/\\\/rvnski.eu\\\/wp-content\\\/uploads\\\/Aptarnavimas.png\",\"datePublished\":\"2022-12-09T11:36:56+00:00\",\"dateModified\":\"2025-10-17T05:39:03+00:00\",\"description\":\"Keep your website running smoothly. We ensure your site is always up-to-date, secure, and optimised, providing a seamless experience for your visitors.\",\"breadcrumb\":{\"@id\":\"https:\\\/\\\/rvnski.eu\\\/svetainiu-kurimas\\\/interneto-svetainiu-prieziura-ir-administravimas\\\/#breadcrumb\"},\"inLanguage\":\"en-US\",\"potentialAction\":[{\"@type\":\"ReadAction\",\"target\":[\"https:\\\/\\\/rvnski.eu\\\/svetainiu-kurimas\\\/interneto-svetainiu-prieziura-ir-administravimas\\\/\"]}]},{\"@type\":\"ImageObject\",\"inLanguage\":\"en-US\",\"@id\":\"https:\\\/\\\/rvnski.eu\\\/svetainiu-kurimas\\\/interneto-svetainiu-prieziura-ir-administravimas\\\/#primaryimage\",\"url\":\"https:\\\/\\\/rvnski.eu\\\/wp-content\\\/uploads\\\/Aptarnavimas.png\",\"contentUrl\":\"https:\\\/\\\/rvnski.eu\\\/wp-content\\\/uploads\\\/Aptarnavimas.png\",\"width\":1182,\"height\":1182,\"caption\":\"Aptarnavimas\"},{\"@type\":\"BreadcrumbList\",\"@id\":\"https:\\\/\\\/rvnski.eu\\\/svetainiu-kurimas\\\/interneto-svetainiu-prieziura-ir-administravimas\\\/#breadcrumb\",\"itemListElement\":[{\"@type\":\"ListItem\",\"position\":1,\"name\":\"Home\",\"item\":\"https:\\\/\\\/rvnski.eu\\\/\"},{\"@type\":\"ListItem\",\"position\":2,\"name\":\"Products\",\"item\":\"https:\\\/\\\/rvnski.eu\\\/shop\\\/\"},{\"@type\":\"ListItem\",\"position\":3,\"name\":\"Interneto svetaini\u0173 prie\u017ei\u016bra ir administravimas\"}]},{\"@type\":\"WebSite\",\"@id\":\"https:\\\/\\\/rvnski.eu\\\/#website\",\"url\":\"https:\\\/\\\/rvnski.eu\\\/\",\"name\":\"Prek\u0117s \u017eenklas &amp; S\u0105veika\",\"description\":\"\",\"publisher\":{\"@id\":\"https:\\\/\\\/rvnski.eu\\\/#organization\"},\"potentialAction\":[{\"@type\":\"SearchAction\",\"target\":{\"@type\":\"EntryPoint\",\"urlTemplate\":\"https:\\\/\\\/rvnski.eu\\\/?s={search_term_string}\"},\"query-input\":{\"@type\":\"PropertyValueSpecification\",\"valueRequired\":true,\"valueName\":\"search_term_string\"}}],\"inLanguage\":\"en-US\"},{\"@type\":\"Organization\",\"@id\":\"https:\\\/\\\/rvnski.eu\\\/#organization\",\"name\":\"Prek\u0117s \u017eenklas &amp; S\u0105veika\",\"url\":\"https:\\\/\\\/rvnski.eu\\\/\",\"logo\":{\"@type\":\"ImageObject\",\"inLanguage\":\"en-US\",\"@id\":\"https:\\\/\\\/rvnski.eu\\\/#\\\/schema\\\/logo\\\/image\\\/\",\"url\":\"https:\\\/\\\/rvnski.eu\\\/wp-content\\\/uploads\\\/fav.png\",\"contentUrl\":\"https:\\\/\\\/rvnski.eu\\\/wp-content\\\/uploads\\\/fav.png\",\"width\":512,\"height\":512,\"caption\":\"Prek\u0117s \u017eenklas &amp; S\u0105veika\"},\"image\":{\"@id\":\"https:\\\/\\\/rvnski.eu\\\/#\\\/schema\\\/logo\\\/image\\\/\"}}]}<\/script>\n<!-- \/ Yoast SEO plugin. -->","yoast_head_json":{"title":"Interneto svetaini\u0173 prie\u017ei\u016bra ir administravimas - Prek\u0117s \u017eenklas &amp; S\u0105veika","description":"Keep your website running smoothly. We ensure your site is always up-to-date, secure, and optimised, providing a seamless experience for your visitors.","robots":{"index":"index","follow":"follow","max-snippet":"max-snippet:-1","max-image-preview":"max-image-preview:large","max-video-preview":"max-video-preview:-1"},"canonical":"https:\/\/rvnski.eu\/en\/svetainiu-kurimas\/interneto-svetainiu-prieziura-ir-administravimas\/","og_locale":"en_US","og_type":"article","og_title":"Maintenance - Branding & Interaction","og_description":"Keep your website running smoothly. We ensure your site is always up-to-date, secure, and optimised, providing a seamless experience for your visitors.","og_url":"https:\/\/rvnski.eu\/en\/svetainiu-kurimas\/interneto-svetainiu-prieziura-ir-administravimas\/","og_site_name":"Prek\u0117s \u017eenklas &amp; S\u0105veika","article_modified_time":"2025-10-17T05:39:03+00:00","og_image":[{"width":1134,"height":661,"url":"https:\/\/rvnski.eu\/wp-content\/uploads\/soc.jpg","type":"image\/jpeg"}],"twitter_card":"summary_large_image","twitter_title":"Maintenance - Branding & Interaction","twitter_description":"Keep your website running smoothly. We ensure your site is always up-to-date, secure, and optimised, providing a seamless experience for your visitors.","twitter_image":"https:\/\/rvnski.eu\/wp-content\/uploads\/soc.jpg","twitter_misc":{"Est. reading time":"1 minute"},"schema":{"@context":"https:\/\/schema.org","@graph":[{"@type":"WebPage","@id":"https:\/\/rvnski.eu\/svetainiu-kurimas\/interneto-svetainiu-prieziura-ir-administravimas\/","url":"https:\/\/rvnski.eu\/svetainiu-kurimas\/interneto-svetainiu-prieziura-ir-administravimas\/","name":"Interneto svetaini\u0173 prie\u017ei\u016bra ir administravimas - Prek\u0117s \u017eenklas &amp; S\u0105veika","isPartOf":{"@id":"https:\/\/rvnski.eu\/#website"},"primaryImageOfPage":{"@id":"https:\/\/rvnski.eu\/svetainiu-kurimas\/interneto-svetainiu-prieziura-ir-administravimas\/#primaryimage"},"image":{"@id":"https:\/\/rvnski.eu\/svetainiu-kurimas\/interneto-svetainiu-prieziura-ir-administravimas\/#primaryimage"},"thumbnailUrl":"https:\/\/rvnski.eu\/wp-content\/uploads\/Aptarnavimas.png","datePublished":"2022-12-09T11:36:56+00:00","dateModified":"2025-10-17T05:39:03+00:00","description":"Keep your website running smoothly. We ensure your site is always up-to-date, secure, and optimised, providing a seamless experience for your visitors.","breadcrumb":{"@id":"https:\/\/rvnski.eu\/svetainiu-kurimas\/interneto-svetainiu-prieziura-ir-administravimas\/#breadcrumb"},"inLanguage":"en-US","potentialAction":[{"@type":"ReadAction","target":["https:\/\/rvnski.eu\/svetainiu-kurimas\/interneto-svetainiu-prieziura-ir-administravimas\/"]}]},{"@type":"ImageObject","inLanguage":"en-US","@id":"https:\/\/rvnski.eu\/svetainiu-kurimas\/interneto-svetainiu-prieziura-ir-administravimas\/#primaryimage","url":"https:\/\/rvnski.eu\/wp-content\/uploads\/Aptarnavimas.png","contentUrl":"https:\/\/rvnski.eu\/wp-content\/uploads\/Aptarnavimas.png","width":1182,"height":1182,"caption":"Aptarnavimas"},{"@type":"BreadcrumbList","@id":"https:\/\/rvnski.eu\/svetainiu-kurimas\/interneto-svetainiu-prieziura-ir-administravimas\/#breadcrumb","itemListElement":[{"@type":"ListItem","position":1,"name":"Home","item":"https:\/\/rvnski.eu\/"},{"@type":"ListItem","position":2,"name":"Products","item":"https:\/\/rvnski.eu\/shop\/"},{"@type":"ListItem","position":3,"name":"Interneto svetaini\u0173 prie\u017ei\u016bra ir administravimas"}]},{"@type":"WebSite","@id":"https:\/\/rvnski.eu\/#website","url":"https:\/\/rvnski.eu\/","name":"Branding &amp; Interaction","description":"","publisher":{"@id":"https:\/\/rvnski.eu\/#organization"},"potentialAction":[{"@type":"SearchAction","target":{"@type":"EntryPoint","urlTemplate":"https:\/\/rvnski.eu\/?s={search_term_string}"},"query-input":{"@type":"PropertyValueSpecification","valueRequired":true,"valueName":"search_term_string"}}],"inLanguage":"en-US"},{"@type":"Organization","@id":"https:\/\/rvnski.eu\/#organization","name":"Branding &amp; Interaction","url":"https:\/\/rvnski.eu\/","logo":{"@type":"ImageObject","inLanguage":"en-US","@id":"https:\/\/rvnski.eu\/#\/schema\/logo\/image\/","url":"https:\/\/rvnski.eu\/wp-content\/uploads\/fav.png","contentUrl":"https:\/\/rvnski.eu\/wp-content\/uploads\/fav.png","width":512,"height":512,"caption":"Prek\u0117s \u017eenklas &amp; S\u0105veika"},"image":{"@id":"https:\/\/rvnski.eu\/#\/schema\/logo\/image\/"}}]}},"_links":{"self":[{"href":"https:\/\/rvnski.eu\/en\/wp-json\/wp\/v2\/product\/262","targetHints":{"allow":["GET"]}}],"collection":[{"href":"https:\/\/rvnski.eu\/en\/wp-json\/wp\/v2\/product"}],"about":[{"href":"https:\/\/rvnski.eu\/en\/wp-json\/wp\/v2\/types\/product"}],"wp:featuredmedia":[{"embeddable":true,"href":"https:\/\/rvnski.eu\/en\/wp-json\/wp\/v2\/media\/1686"}],"wp:attachment":[{"href":"https:\/\/rvnski.eu\/en\/wp-json\/wp\/v2\/media?parent=262"}],"wp:term":[{"taxonomy":"product_brand","embeddable":true,"href":"https:\/\/rvnski.eu\/en\/wp-json\/wp\/v2\/product_brand?post=262"},{"taxonomy":"product_cat","embeddable":true,"href":"https:\/\/rvnski.eu\/en\/wp-json\/wp\/v2\/product_cat?post=262"},{"taxonomy":"product_tag","embeddable":true,"href":"https:\/\/rvnski.eu\/en\/wp-json\/wp\/v2\/product_tag?post=262"}],"curies":[{"name":"wp","href":"https:\/\/api.w.org\/{rel}","templated":true}]}}