{"id":1797,"date":"2025-01-31T20:31:46","date_gmt":"2025-01-31T18:31:46","guid":{"rendered":"https:\/\/rvnski.eu\/?post_type=product&#038;p=1797"},"modified":"2025-10-17T08:34:05","modified_gmt":"2025-10-17T05:34:05","slug":"parduodami-domenai","status":"publish","type":"product","link":"https:\/\/rvnski.eu\/en\/svetainiu-kurimas\/parduodami-domenai\/","title":{"rendered":"Domains"},"content":{"rendered":"","protected":false},"excerpt":{"rendered":"<p><strong>\u2736 perk\u0117limo terminas 1-5 d.d.<\/strong><\/p>","protected":false},"featured_media":1804,"template":"","meta":[],"product_brand":[],"product_cat":[15],"product_tag":[],"class_list":{"0":"post-1797","1":"product","2":"type-product","3":"status-publish","4":"has-post-thumbnail","6":"product_cat-svetainiu-kurimas","8":"first","9":"instock","10":"sold-individually","11":"shipping-taxable","12":"purchasable","13":"product-type-variable"},"yoast_head":"<!-- This site is optimized with the Yoast SEO plugin v27.4 - https:\/\/yoast.com\/product\/yoast-seo-wordpress\/ -->\n<title>Domenai - Prek\u0117s \u017eenklas &amp; S\u0105veika<\/title>\n<meta name=\"robots\" content=\"index, follow, max-snippet:-1, max-image-preview:large, max-video-preview:-1\" \/>\n<link rel=\"canonical\" href=\"https:\/\/rvnski.eu\/en\/svetainiu-kurimas\/parduodami-domenai\/\" \/>\n<meta property=\"og:locale\" content=\"en_US\" \/>\n<meta property=\"og:type\" content=\"article\" \/>\n<meta property=\"og:title\" content=\"Domenai - Prek\u0117s \u017eenklas &amp; S\u0105veika\" \/>\n<meta property=\"og:description\" content=\"\u2736 perk\u0117limo terminas 1-5 d.d.\" \/>\n<meta property=\"og:url\" content=\"https:\/\/rvnski.eu\/en\/svetainiu-kurimas\/parduodami-domenai\/\" \/>\n<meta property=\"og:site_name\" content=\"Prek\u0117s \u017eenklas &amp; S\u0105veika\" \/>\n<meta property=\"article:modified_time\" content=\"2025-10-17T05:34:05+00:00\" \/>\n<meta property=\"og:image\" content=\"https:\/\/rvnski.eu\/wp-content\/uploads\/Parduodami-trumpi-domenai.png\" \/>\n\t<meta property=\"og:image:width\" content=\"600\" \/>\n\t<meta property=\"og:image:height\" content=\"287\" \/>\n\t<meta property=\"og:image:type\" content=\"image\/png\" \/>\n<meta name=\"twitter:card\" content=\"summary_large_image\" \/>\n<meta name=\"twitter:label1\" content=\"Est. reading time\" \/>\n\t<meta name=\"twitter:data1\" content=\"1 minute\" \/>\n<script type=\"application\/ld+json\" class=\"yoast-schema-graph\">{\"@context\":\"https:\\\/\\\/schema.org\",\"@graph\":[{\"@type\":\"WebPage\",\"@id\":\"https:\\\/\\\/rvnski.eu\\\/svetainiu-kurimas\\\/parduodami-domenai\\\/\",\"url\":\"https:\\\/\\\/rvnski.eu\\\/svetainiu-kurimas\\\/parduodami-domenai\\\/\",\"name\":\"Domenai - Prek\u0117s \u017eenklas &amp; S\u0105veika\",\"isPartOf\":{\"@id\":\"https:\\\/\\\/rvnski.eu\\\/#website\"},\"primaryImageOfPage\":{\"@id\":\"https:\\\/\\\/rvnski.eu\\\/svetainiu-kurimas\\\/parduodami-domenai\\\/#primaryimage\"},\"image\":{\"@id\":\"https:\\\/\\\/rvnski.eu\\\/svetainiu-kurimas\\\/parduodami-domenai\\\/#primaryimage\"},\"thumbnailUrl\":\"https:\\\/\\\/rvnski.eu\\\/wp-content\\\/uploads\\\/Parduodami-trumpi-domenai.png\",\"datePublished\":\"2025-01-31T18:31:46+00:00\",\"dateModified\":\"2025-10-17T05:34:05+00:00\",\"breadcrumb\":{\"@id\":\"https:\\\/\\\/rvnski.eu\\\/svetainiu-kurimas\\\/parduodami-domenai\\\/#breadcrumb\"},\"inLanguage\":\"en-US\",\"potentialAction\":[{\"@type\":\"ReadAction\",\"target\":[\"https:\\\/\\\/rvnski.eu\\\/svetainiu-kurimas\\\/parduodami-domenai\\\/\"]}]},{\"@type\":\"ImageObject\",\"inLanguage\":\"en-US\",\"@id\":\"https:\\\/\\\/rvnski.eu\\\/svetainiu-kurimas\\\/parduodami-domenai\\\/#primaryimage\",\"url\":\"https:\\\/\\\/rvnski.eu\\\/wp-content\\\/uploads\\\/Parduodami-trumpi-domenai.png\",\"contentUrl\":\"https:\\\/\\\/rvnski.eu\\\/wp-content\\\/uploads\\\/Parduodami-trumpi-domenai.png\",\"width\":600,\"height\":287},{\"@type\":\"BreadcrumbList\",\"@id\":\"https:\\\/\\\/rvnski.eu\\\/svetainiu-kurimas\\\/parduodami-domenai\\\/#breadcrumb\",\"itemListElement\":[{\"@type\":\"ListItem\",\"position\":1,\"name\":\"Home\",\"item\":\"https:\\\/\\\/rvnski.eu\\\/\"},{\"@type\":\"ListItem\",\"position\":2,\"name\":\"Products\",\"item\":\"https:\\\/\\\/rvnski.eu\\\/shop\\\/\"},{\"@type\":\"ListItem\",\"position\":3,\"name\":\"Domenai\"}]},{\"@type\":\"WebSite\",\"@id\":\"https:\\\/\\\/rvnski.eu\\\/#website\",\"url\":\"https:\\\/\\\/rvnski.eu\\\/\",\"name\":\"Prek\u0117s \u017eenklas &amp; S\u0105veika\",\"description\":\"\",\"publisher\":{\"@id\":\"https:\\\/\\\/rvnski.eu\\\/#organization\"},\"potentialAction\":[{\"@type\":\"SearchAction\",\"target\":{\"@type\":\"EntryPoint\",\"urlTemplate\":\"https:\\\/\\\/rvnski.eu\\\/?s={search_term_string}\"},\"query-input\":{\"@type\":\"PropertyValueSpecification\",\"valueRequired\":true,\"valueName\":\"search_term_string\"}}],\"inLanguage\":\"en-US\"},{\"@type\":\"Organization\",\"@id\":\"https:\\\/\\\/rvnski.eu\\\/#organization\",\"name\":\"Prek\u0117s \u017eenklas &amp; S\u0105veika\",\"url\":\"https:\\\/\\\/rvnski.eu\\\/\",\"logo\":{\"@type\":\"ImageObject\",\"inLanguage\":\"en-US\",\"@id\":\"https:\\\/\\\/rvnski.eu\\\/#\\\/schema\\\/logo\\\/image\\\/\",\"url\":\"https:\\\/\\\/rvnski.eu\\\/wp-content\\\/uploads\\\/fav.png\",\"contentUrl\":\"https:\\\/\\\/rvnski.eu\\\/wp-content\\\/uploads\\\/fav.png\",\"width\":512,\"height\":512,\"caption\":\"Prek\u0117s \u017eenklas &amp; S\u0105veika\"},\"image\":{\"@id\":\"https:\\\/\\\/rvnski.eu\\\/#\\\/schema\\\/logo\\\/image\\\/\"}}]}<\/script>\n<!-- \/ Yoast SEO plugin. -->","yoast_head_json":{"title":"Domenai - Prek\u0117s \u017eenklas &amp; S\u0105veika","robots":{"index":"index","follow":"follow","max-snippet":"max-snippet:-1","max-image-preview":"max-image-preview:large","max-video-preview":"max-video-preview:-1"},"canonical":"https:\/\/rvnski.eu\/en\/svetainiu-kurimas\/parduodami-domenai\/","og_locale":"en_US","og_type":"article","og_title":"Domenai - Prek\u0117s \u017eenklas &amp; S\u0105veika","og_description":"\u2736 perk\u0117limo terminas 1-5 d.d.","og_url":"https:\/\/rvnski.eu\/en\/svetainiu-kurimas\/parduodami-domenai\/","og_site_name":"Prek\u0117s \u017eenklas &amp; S\u0105veika","article_modified_time":"2025-10-17T05:34:05+00:00","og_image":[{"width":600,"height":287,"url":"https:\/\/rvnski.eu\/wp-content\/uploads\/Parduodami-trumpi-domenai.png","type":"image\/png"}],"twitter_card":"summary_large_image","twitter_misc":{"Est. reading time":"1 minute"},"schema":{"@context":"https:\/\/schema.org","@graph":[{"@type":"WebPage","@id":"https:\/\/rvnski.eu\/svetainiu-kurimas\/parduodami-domenai\/","url":"https:\/\/rvnski.eu\/svetainiu-kurimas\/parduodami-domenai\/","name":"Domenai - Prek\u0117s \u017eenklas &amp; S\u0105veika","isPartOf":{"@id":"https:\/\/rvnski.eu\/#website"},"primaryImageOfPage":{"@id":"https:\/\/rvnski.eu\/svetainiu-kurimas\/parduodami-domenai\/#primaryimage"},"image":{"@id":"https:\/\/rvnski.eu\/svetainiu-kurimas\/parduodami-domenai\/#primaryimage"},"thumbnailUrl":"https:\/\/rvnski.eu\/wp-content\/uploads\/Parduodami-trumpi-domenai.png","datePublished":"2025-01-31T18:31:46+00:00","dateModified":"2025-10-17T05:34:05+00:00","breadcrumb":{"@id":"https:\/\/rvnski.eu\/svetainiu-kurimas\/parduodami-domenai\/#breadcrumb"},"inLanguage":"en-US","potentialAction":[{"@type":"ReadAction","target":["https:\/\/rvnski.eu\/svetainiu-kurimas\/parduodami-domenai\/"]}]},{"@type":"ImageObject","inLanguage":"en-US","@id":"https:\/\/rvnski.eu\/svetainiu-kurimas\/parduodami-domenai\/#primaryimage","url":"https:\/\/rvnski.eu\/wp-content\/uploads\/Parduodami-trumpi-domenai.png","contentUrl":"https:\/\/rvnski.eu\/wp-content\/uploads\/Parduodami-trumpi-domenai.png","width":600,"height":287},{"@type":"BreadcrumbList","@id":"https:\/\/rvnski.eu\/svetainiu-kurimas\/parduodami-domenai\/#breadcrumb","itemListElement":[{"@type":"ListItem","position":1,"name":"Home","item":"https:\/\/rvnski.eu\/"},{"@type":"ListItem","position":2,"name":"Products","item":"https:\/\/rvnski.eu\/shop\/"},{"@type":"ListItem","position":3,"name":"Domenai"}]},{"@type":"WebSite","@id":"https:\/\/rvnski.eu\/#website","url":"https:\/\/rvnski.eu\/","name":"Branding &amp; Interaction","description":"","publisher":{"@id":"https:\/\/rvnski.eu\/#organization"},"potentialAction":[{"@type":"SearchAction","target":{"@type":"EntryPoint","urlTemplate":"https:\/\/rvnski.eu\/?s={search_term_string}"},"query-input":{"@type":"PropertyValueSpecification","valueRequired":true,"valueName":"search_term_string"}}],"inLanguage":"en-US"},{"@type":"Organization","@id":"https:\/\/rvnski.eu\/#organization","name":"Branding &amp; Interaction","url":"https:\/\/rvnski.eu\/","logo":{"@type":"ImageObject","inLanguage":"en-US","@id":"https:\/\/rvnski.eu\/#\/schema\/logo\/image\/","url":"https:\/\/rvnski.eu\/wp-content\/uploads\/fav.png","contentUrl":"https:\/\/rvnski.eu\/wp-content\/uploads\/fav.png","width":512,"height":512,"caption":"Prek\u0117s \u017eenklas &amp; S\u0105veika"},"image":{"@id":"https:\/\/rvnski.eu\/#\/schema\/logo\/image\/"}}]}},"_links":{"self":[{"href":"https:\/\/rvnski.eu\/en\/wp-json\/wp\/v2\/product\/1797","targetHints":{"allow":["GET"]}}],"collection":[{"href":"https:\/\/rvnski.eu\/en\/wp-json\/wp\/v2\/product"}],"about":[{"href":"https:\/\/rvnski.eu\/en\/wp-json\/wp\/v2\/types\/product"}],"wp:featuredmedia":[{"embeddable":true,"href":"https:\/\/rvnski.eu\/en\/wp-json\/wp\/v2\/media\/1804"}],"wp:attachment":[{"href":"https:\/\/rvnski.eu\/en\/wp-json\/wp\/v2\/media?parent=1797"}],"wp:term":[{"taxonomy":"product_brand","embeddable":true,"href":"https:\/\/rvnski.eu\/en\/wp-json\/wp\/v2\/product_brand?post=1797"},{"taxonomy":"product_cat","embeddable":true,"href":"https:\/\/rvnski.eu\/en\/wp-json\/wp\/v2\/product_cat?post=1797"},{"taxonomy":"product_tag","embeddable":true,"href":"https:\/\/rvnski.eu\/en\/wp-json\/wp\/v2\/product_tag?post=1797"}],"curies":[{"name":"wp","href":"https:\/\/api.w.org\/{rel}","templated":true}]}}