{"id":1760,"date":"2025-01-30T19:10:00","date_gmt":"2025-01-30T17:10:00","guid":{"rendered":"https:\/\/rvnski.eu\/?post_type=product&#038;p=1760"},"modified":"2025-04-30T11:51:04","modified_gmt":"2025-04-30T08:51:04","slug":"rest-api-woocommerce-produktu-atnaujinimas","status":"publish","type":"product","link":"https:\/\/rvnski.eu\/en\/svetainiu-kurimas\/rest-api-woocommerce-produktu-atnaujinimas\/","title":{"rendered":"REST API produkt\u0173 atnaujinimas"},"content":{"rendered":"<div id=\"fws_69dd4bd361516\"  data-column-margin=\"default\" data-midnight=\"dark\"  class=\"wpb_row vc_row-fluid vc_row full-width-section  zindex-set\"  style=\"padding-top: 0px; padding-bottom: 0px;  z-index: 100;\"><div class=\"row-bg-wrap\" data-bg-animation=\"none\" data-bg-animation-delay=\"\" data-bg-overlay=\"false\"><div class=\"inner-wrap row-bg-layer\" ><div class=\"row-bg viewport-desktop\"  style=\"\"><\/div><\/div><\/div><div class=\"row_col_wrap_12 col span_12 dark left\">\n\t<div  class=\"vc_col-sm-12 wpb_column column_container vc_column_container col no-extra-padding inherit_tablet inherit_phone\"  data-padding-pos=\"all\" data-has-bg-color=\"false\" data-bg-color=\"\" data-bg-opacity=\"1\" data-animation=\"\" data-delay=\"0\" >\n\t\t<div class=\"vc_column-inner\" >\n\t\t\t<div class=\"wpb_wrapper\">\n\t\t\t\t<div id=\"fws_69dd4bd361911\" data-midnight=\"\" data-column-margin=\"90px\" class=\"wpb_row vc_row-fluid vc_row inner_row vc_row-o-equal-height vc_row-flex vc_row-o-content-middle reverse_columns_column_tablet reverse_columns_column_phone\"  style=\"\"><div class=\"row-bg-wrap\"> <div class=\"row-bg\" ><\/div> <\/div><div class=\"row_col_wrap_12_inner col span_12  left\">\n\t<div  class=\"vc_col-sm-6 wpb_column column_container vc_column_container col child_column no-extra-padding inherit_tablet inherit_phone\"   data-padding-pos=\"right\" data-has-bg-color=\"false\" data-bg-color=\"\" data-bg-opacity=\"1\" data-animation=\"\" data-delay=\"0\" >\n\t\t<div class=\"vc_column-inner\" >\n\t\t<div class=\"wpb_wrapper\">\n\t\t\t<div class=\"img-with-aniamtion-wrap\" data-max-width=\"100%\" data-max-width-mobile=\"default\" data-shadow=\"none\" data-animation=\"none\" >\n      <div class=\"inner\">\n        <div class=\"hover-wrap\"> \n          <div class=\"hover-wrap-inner\">\n            <img loading=\"lazy\" decoding=\"async\" class=\"img-with-animation skip-lazy\" data-delay=\"0\" height=\"469\" width=\"978\" data-animation=\"none\" src=\"https:\/\/rvnski.eu\/wp-content\/uploads\/Email-ataskaita.webp\" alt=\"Preki\u0173 liku\u010dio atnaujinimo ataskaita\" srcset=\"https:\/\/rvnski.eu\/wp-content\/uploads\/Email-ataskaita.webp 978w, https:\/\/rvnski.eu\/wp-content\/uploads\/Email-ataskaita-768x368.webp 768w, https:\/\/rvnski.eu\/wp-content\/uploads\/Email-ataskaita-18x9.webp 18w\" sizes=\"auto, (max-width: 978px) 100vw, 978px\" \/>\n          <\/div>\n        <\/div>\n      <\/div>\n    <\/div>\n\t\t<\/div> \n\t<\/div>\n\t<\/div> \n\n\t<div  class=\"vc_col-sm-6 wpb_column column_container vc_column_container col child_column padding-2-percent no-extra-padding_tablet no-extra-padding_phone\"   data-padding-pos=\"left\" data-has-bg-color=\"false\" data-bg-color=\"\" data-bg-opacity=\"1\" data-animation=\"\" data-delay=\"0\" >\n\t\t<div class=\"vc_column-inner\" >\n\t\t<div class=\"wpb_wrapper\">\n\t\t\t<div class=\"cflow-responsive-text font_size_desktop_2vw font_size_tablet_3vw font_size_phone_16px font_line_height_1-1 cflow-link-underline-effect\" data-inherit-heading-family=\"h6\"><p>I\u0161sami ataskaita kiekvieno atnaujinimo siun\u010diama el.pa\u0161tu ir atvaizduojama j\u016bs\u0173 el.parduotuv\u0117s skydelyje.<\/p>\n<\/div>\n\t\t<\/div> \n\t<\/div>\n\t<\/div> \n<\/div><\/div>\n\t\t\t<\/div> \n\t\t<\/div>\n\t<\/div> \n<\/div><\/div>\n\t\t<div id=\"fws_69dd4bd362352\"  data-column-margin=\"default\" data-midnight=\"dark\" data-top-percent=\"3%\"  class=\"wpb_row vc_row-fluid vc_row full-width-section  reverse_columns_column_tablet reverse_columns_column_phone\"  style=\"padding-top: calc(100vw * 0.03); padding-bottom: 0px; \"><div class=\"row-bg-wrap\" data-bg-animation=\"none\" data-bg-animation-delay=\"\" data-bg-overlay=\"false\"><div class=\"inner-wrap row-bg-layer\" ><div class=\"row-bg viewport-desktop\"  style=\"\"><\/div><\/div><\/div><div class=\"row_col_wrap_12 col span_12 dark left\">\n\t<div  class=\"vc_col-sm-12 wpb_column column_container vc_column_container col no-extra-padding inherit_tablet inherit_phone\"  data-padding-pos=\"all\" data-has-bg-color=\"false\" data-bg-color=\"\" data-bg-opacity=\"1\" data-animation=\"\" data-delay=\"0\" >\n\t\t<div class=\"vc_column-inner\" >\n\t\t\t<div class=\"wpb_wrapper\">\n\t\t\t\t<div id=\"fws_69dd4bd36244a\" data-midnight=\"\" data-column-margin=\"default\" class=\"wpb_row vc_row-fluid vc_row inner_row  reverse_columns_column_tablet reverse_columns_column_phone\"  style=\"\"><div class=\"row-bg-wrap\"> <div class=\"row-bg\" ><\/div> <\/div><div class=\"row_col_wrap_12_inner col span_12  left\">\n\t<div  class=\"vc_col-sm-6 wpb_column column_container vc_column_container col child_column no-extra-padding inherit_tablet inherit_phone\"   data-padding-pos=\"all\" data-has-bg-color=\"false\" data-bg-color=\"\" data-bg-opacity=\"1\" data-animation=\"\" data-delay=\"0\" >\n\t\t<div class=\"vc_column-inner\" >\n\t\t<div class=\"wpb_wrapper\">\n\t\t\t<div class=\"cflow-responsive-text font_size_desktop_2vw font_size_tablet_3vw font_size_phone_16px font_line_height_1-1 cflow-link-underline-effect\" data-inherit-heading-family=\"h6\"><p>REST API vs WP ALL import<\/p>\n<\/div>\n<div class=\"wpb_text_column wpb_content_element\" >\n\t<div class=\"wpb_wrapper\">\n\t\t<p><strong>Kod\u0117l verta rinktis m\u016bs\u0173 sprendim\u0105 vietoj WP All Import?<\/strong><\/p>\n\t<\/div>\n<\/div>\n\n\n\n<div class=\"cflow-fancy-ul\" data-list-icon=\"icon-rvnski-thin-line\" data-animation=\"false\" data-animation-delay=\"0\" data-color=\"accent-color\" data-spacing=\"default\" data-alignment=\"left\"> \n<ul>\n<li>Spartesnis atnaujinimas \u2013 <a href=\"https:\/\/www.wpallimport.com\/\" target=\"_blank\" rel=\"noopener\">WP All Import<\/a> gali strigti su dideliais failais, o m\u016bs\u0173 sistema skland\u017eiai apdoroja net 50+ MB XML failus.<\/li>\n<li>Automatin\u0117 duomen\u0173 konversija \u2013 nereikia rankiniu b\u016bdu priskirti lauk\u0173, sistema automati\u0161kai atpa\u017e\u012fsta SKU, kainas ir liku\u010dius.<\/li>\n<li>Foninis apdorojimas (cron) \u2013 duomenys atnaujinami fone, neapkraunant svetain\u0117s.<\/li>\n<li>Grupinis apdorojimas \u2013 vietoj pavieni\u0173 produkt\u0173 atnaujinimo, naudojame WooCommerce REST API grupinius atnaujinimus, kas \u017eenkliai pagreitina proces\u0105.<\/li>\n<li>Pritaikymas j\u016bs\u0173 tiek\u0117jams \u2013 kitaip nei WP All Import, kuris reikalauja rankinio konfig\u016bravimo, mes galime sukurti individualizuot\u0105 sprendim\u0105, pritaikyt\u0105 bet kokiam tiek\u0117jo XML\/CSV formatui.<\/li>\n<\/ul>\n <\/div>\n\t\t<\/div> \n\t<\/div>\n\t<\/div> \n\n\t<div  class=\"vc_col-sm-6 wpb_column column_container vc_column_container col child_column no-extra-padding inherit_tablet inherit_phone\"   data-padding-pos=\"all\" data-has-bg-color=\"false\" data-bg-color=\"\" data-bg-opacity=\"1\" data-animation=\"\" data-delay=\"0\" >\n\t\t<div class=\"vc_column-inner\" >\n\t\t<div class=\"wpb_wrapper\">\n\t\t\t<div class=\"img-with-aniamtion-wrap center\" data-max-width=\"100%\" data-max-width-mobile=\"default\" data-shadow=\"none\" data-animation=\"none\" >\n      <div class=\"inner\">\n        <div class=\"hover-wrap\"> \n          <div class=\"hover-wrap-inner\">\n            <a href=\"https:\/\/rvnski.eu\/wp-content\/uploads\/Woo-skydelis-atnaujinimo-ataskaita.png\" class=\"pp center\" title=\"\">\n              <img loading=\"lazy\" decoding=\"async\" class=\"img-with-animation skip-lazy\" data-delay=\"0\" height=\"563\" width=\"1000\" data-animation=\"none\" src=\"https:\/\/rvnski.eu\/wp-content\/uploads\/Woo-skydelis-atnaujinimo-ataskaita.png\" alt=\"\" srcset=\"https:\/\/rvnski.eu\/wp-content\/uploads\/Woo-skydelis-atnaujinimo-ataskaita.png 1000w, https:\/\/rvnski.eu\/wp-content\/uploads\/Woo-skydelis-atnaujinimo-ataskaita-768x432.png 768w, https:\/\/rvnski.eu\/wp-content\/uploads\/Woo-skydelis-atnaujinimo-ataskaita-18x10.png 18w\" sizes=\"auto, (max-width: 1000px) 100vw, 1000px\" \/>\n            <\/a>\n          <\/div>\n        <\/div>\n      <\/div>\n      <\/div>\n\t\t<\/div> \n\t<\/div>\n\t<\/div> \n<\/div><\/div>\n\t\t\t<\/div> \n\t\t<\/div>\n\t<\/div> \n<\/div><\/div>\n\t\t<div id=\"fws_69dd4bd362b37\"  data-column-margin=\"default\" data-midnight=\"dark\" data-top-percent=\"3%\" data-bottom-percent=\"3%\"  class=\"wpb_row vc_row-fluid vc_row\"  style=\"padding-top: calc(100vw * 0.03); padding-bottom: calc(100vw * 0.03); \"><div class=\"row-bg-wrap\" data-bg-animation=\"none\" data-bg-animation-delay=\"\" data-bg-overlay=\"false\"><div class=\"inner-wrap row-bg-layer\" ><div class=\"row-bg viewport-desktop\"  style=\"\"><\/div><\/div><\/div><div class=\"row_col_wrap_12 col span_12 dark left\">\n\t<div  class=\"vc_col-sm-12 wpb_column column_container vc_column_container col no-extra-padding inherit_tablet inherit_phone\"  data-padding-pos=\"all\" data-has-bg-color=\"false\" data-bg-color=\"\" data-bg-opacity=\"1\" data-animation=\"\" data-delay=\"0\" >\n\t\t<div class=\"vc_column-inner\" >\n\t\t\t<div class=\"wpb_wrapper\">\n\t\t\t\t<div class=\"cflow-responsive-text font_size_desktop_2vw font_size_tablet_3vw font_size_phone_16px font_line_height_1-1 cflow-link-underline-effect\" data-inherit-heading-family=\"h6\"><p>Automatinis ir tikslus produkt\u0173 atnaujinimas su REST API<\/p>\n<\/div>\n<div class=\"wpb_text_column wpb_content_element\" >\n\t<div class=\"wpb_wrapper\">\n\t\t<p data-start=\"64\" data-end=\"352\">Efektyvus preki\u0173 informacijos atnaujinimas yra gyvybi\u0161kai svarbus bet kuriai el. parduotuvei, ypa\u010d kai preki\u0173 asortimentas nuolat kei\u010diasi. M\u016bs\u0173 REST API sprendimas u\u017etikrina skland\u0173, automatin\u012f produkt\u0173 duomen\u0173 atnaujinim\u0105 tiesiai i\u0161 tiek\u0117j\u0173 sistem\u0173 ar tre\u010di\u0173j\u0173 \u0161ali\u0173 duomen\u0173 \u0161altini\u0173.<\/p>\n<h4 data-start=\"354\" data-end=\"398\"><\/h4>\n\t<\/div>\n<\/div>\n\n\n\n<div class=\"cflow-responsive-text font_size_desktop_2vw font_size_tablet_3vw font_size_phone_16px font_line_height_1-1 cflow-link-underline-effect\" data-inherit-heading-family=\"h6\"><p>K\u0105 galite atnaujinti su REST API?<\/p>\n<\/div>\n<div class=\"wpb_text_column wpb_content_element\" >\n\t<div class=\"wpb_wrapper\">\n\t\t<p data-start=\"399\" data-end=\"852\">\ud83d\udd39 <strong data-start=\"402\" data-end=\"425\">Kainas ir nuolaidas<\/strong> \u2013 sinchronizuokite kainodar\u0105 realiuoju laiku, kad klientai visada matyt\u0173 tikslias kainas.<br data-start=\"515\" data-end=\"518\" \/>\ud83d\udd39 <strong data-start=\"521\" data-end=\"548\">Liku\u010dius ir prieinamum\u0105<\/strong> \u2013 i\u0161venkite pardavim\u0173 be atsarg\u0173 atnaujindami liku\u010dius pagal tiek\u0117j\u0173 informacij\u0105.<br data-start=\"630\" data-end=\"633\" \/>\ud83d\udd39 <strong data-start=\"636\" data-end=\"676\">Produkt\u0173 apra\u0161ymus ir specifikacijas<\/strong> \u2013 u\u017etikrinkite, kad visi techniniai duomenys b\u016bt\u0173 tiksl\u016bs ir atnaujinti.<br data-start=\"749\" data-end=\"752\" \/>\ud83d\udd39 <strong data-start=\"755\" data-end=\"789\">Nuotraukas ir vizualin\u012f turin\u012f<\/strong> \u2013 automatizuokite nauj\u0173 vaizd\u0173 \u012fk\u0117lim\u0105 bei sen\u0173 atnaujinim\u0105.<\/p>\n<h4 data-start=\"854\" data-end=\"915\"><\/h4>\n\t<\/div>\n<\/div>\n\n\n\n<div class=\"cflow-responsive-text font_size_desktop_2vw font_size_tablet_3vw font_size_phone_16px font_line_height_1-1 cflow-link-underline-effect\" data-inherit-heading-family=\"h6\"><p>Kod\u0117l verta rinktis REST API produkt\u0173 atnaujinim\u0105?<\/p>\n<\/div>\n<div class=\"wpb_text_column wpb_content_element\" >\n\t<div class=\"wpb_wrapper\">\n\t\t<p>\u2705 <strong data-start=\"918\" data-end=\"956\">Didelio duomen\u0173 kiekio apdorojimas<\/strong> \u2013 be apribojim\u0173 atnaujinkite t\u016bkstan\u010dius produkt\u0173 greitai ir efektyviai.<br data-start=\"1029\" data-end=\"1032\" \/>\u2705 <strong data-start=\"1034\" data-end=\"1081\">Realaus laiko arba suplanuotas atnaujinimas<\/strong> \u2013 pasirinkite, ar duomenys bus atnaujinami i\u0161kart, ar nustatytu grafiku.<br data-start=\"1154\" data-end=\"1157\" \/>\u2705 <strong data-start=\"1159\" data-end=\"1188\">Lankstumas ir pritaikymas<\/strong> \u2013 galime integruoti bet kokius tiek\u0117j\u0173 duomen\u0173 formatus (XML, JSON, CSV).<br data-start=\"1262\" data-end=\"1265\" \/>\u2705 <strong data-start=\"1267\" data-end=\"1299\">Ma\u017eesnis serverio apkrovimas<\/strong> \u2013 foninis apdorojimas u\u017etikrina, kad j\u016bs\u0173 svetain\u0117 i\u0161liks greita ir patikima.<\/p>\n\t<\/div>\n<\/div>\n\n\n\n\n<div class=\"wpb_text_column wpb_content_element\" >\n\t<div class=\"wpb_wrapper\">\n\t\t<p><strong>\u2736 \u2736 Preki\u0173 importavimo kaina skai\u010diuojama individualiai &#8211; <a href=\"https:\/\/rvnski.eu\/en\/getting-started\/\" target=\"_blank\" rel=\"noopener\">si\u0173skite u\u017eklaus\u0105<\/a><\/strong><\/p>\n\t<\/div>\n<\/div>\n\n\n\n\n\t\t\t<\/div> \n\t\t<\/div>\n\t<\/div> \n<\/div><\/div>","protected":false},"excerpt":{"rendered":"<p><strong><a href=\"https:\/\/restapi.lt\/\" target=\"_blank\">REST API produkt\u0173 atnaujinimas<\/a><\/strong><br \/>\nIe\u0161kote efektyvaus b\u016bdo importuoti ar atnaujinti t\u016bkstan\u010dius produkt\u0173 WooCommerce sistemoje? M\u016bs\u0173 REST API sprendimas leid\u017eia greitai ir patikimai sinchronizuoti preki\u0173 liku\u010dius, kainas ir kitus duomenis i\u0161 XML ar CSV fail\u0173, net kai jie yra didelio dyd\u017eio.<\/p>\n<p><strong>\u2736 Fail\u0173 apdorojimas ir paruo\u0161imas vyksta m\u016bs\u0173 serveryje.<\/strong><br \/>\n<strong>\u2736 Kaina nurodyta 12 m\u0117n laikotarpiui.<\/strong><\/p>","protected":false},"featured_media":1793,"template":"","meta":[],"product_brand":[],"product_cat":[15],"product_tag":[],"class_list":{"0":"post-1760","1":"product","2":"type-product","3":"status-publish","4":"has-post-thumbnail","6":"product_cat-svetainiu-kurimas","8":"first","9":"instock","10":"shipping-taxable","11":"purchasable","12":"product-type-variable"},"yoast_head":"<!-- This site is optimized with the Yoast SEO plugin v27.3 - https:\/\/yoast.com\/product\/yoast-seo-wordpress\/ -->\n<title>REST API produkt\u0173 atnaujinimas - Prek\u0117s \u017eenklas &amp; S\u0105veika<\/title>\n<meta name=\"description\" content=\"REST API sprendimas leid\u017eia grei\u010diau ir patikimiau nei wp all import sinchronizuoti preki\u0173 liku\u010dius, kainas ir kitus duomenis i\u0161 XML ar CSV fail\u0173\" \/>\n<meta name=\"robots\" content=\"index, follow, max-snippet:-1, max-image-preview:large, max-video-preview:-1\" \/>\n<link rel=\"canonical\" href=\"https:\/\/rvnski.eu\/en\/svetainiu-kurimas\/rest-api-woocommerce-produktu-atnaujinimas\/\" \/>\n<meta property=\"og:locale\" content=\"en_US\" \/>\n<meta property=\"og:type\" content=\"article\" \/>\n<meta property=\"og:title\" content=\"REST API produkt\u0173 atnaujinimas - Prek\u0117s \u017eenklas &amp; S\u0105veika\" \/>\n<meta property=\"og:description\" content=\"REST API sprendimas leid\u017eia grei\u010diau ir patikimiau nei wp all import sinchronizuoti preki\u0173 liku\u010dius, kainas ir kitus duomenis i\u0161 XML ar CSV fail\u0173\" \/>\n<meta property=\"og:url\" content=\"https:\/\/rvnski.eu\/en\/svetainiu-kurimas\/rest-api-woocommerce-produktu-atnaujinimas\/\" \/>\n<meta property=\"og:site_name\" content=\"Prek\u0117s \u017eenklas &amp; S\u0105veika\" \/>\n<meta property=\"article:modified_time\" content=\"2025-04-30T08:51:04+00:00\" \/>\n<meta property=\"og:image\" content=\"https:\/\/rvnski.eu\/wp-content\/uploads\/Woocommerce-REST-API-automatinis-produktu-atnaujinimas.png\" \/>\n\t<meta property=\"og:image:width\" content=\"600\" \/>\n\t<meta property=\"og:image:height\" content=\"486\" \/>\n\t<meta property=\"og:image:type\" content=\"image\/png\" \/>\n<meta name=\"twitter:card\" content=\"summary_large_image\" \/>\n<meta name=\"twitter:label1\" content=\"Est. reading time\" \/>\n\t<meta name=\"twitter:data1\" content=\"3 minutes\" \/>\n<script type=\"application\/ld+json\" class=\"yoast-schema-graph\">{\"@context\":\"https:\\\/\\\/schema.org\",\"@graph\":[{\"@type\":\"WebPage\",\"@id\":\"https:\\\/\\\/rvnski.eu\\\/svetainiu-kurimas\\\/rest-api-woocommerce-produktu-atnaujinimas\\\/\",\"url\":\"https:\\\/\\\/rvnski.eu\\\/svetainiu-kurimas\\\/rest-api-woocommerce-produktu-atnaujinimas\\\/\",\"name\":\"REST API produkt\u0173 atnaujinimas - Prek\u0117s \u017eenklas &amp; S\u0105veika\",\"isPartOf\":{\"@id\":\"https:\\\/\\\/rvnski.eu\\\/#website\"},\"primaryImageOfPage\":{\"@id\":\"https:\\\/\\\/rvnski.eu\\\/svetainiu-kurimas\\\/rest-api-woocommerce-produktu-atnaujinimas\\\/#primaryimage\"},\"image\":{\"@id\":\"https:\\\/\\\/rvnski.eu\\\/svetainiu-kurimas\\\/rest-api-woocommerce-produktu-atnaujinimas\\\/#primaryimage\"},\"thumbnailUrl\":\"https:\\\/\\\/rvnski.eu\\\/wp-content\\\/uploads\\\/Woocommerce-REST-API-automatinis-produktu-atnaujinimas.png\",\"datePublished\":\"2025-01-30T17:10:00+00:00\",\"dateModified\":\"2025-04-30T08:51:04+00:00\",\"description\":\"REST API sprendimas leid\u017eia grei\u010diau ir patikimiau nei wp all import sinchronizuoti preki\u0173 liku\u010dius, kainas ir kitus duomenis i\u0161 XML ar CSV fail\u0173\",\"breadcrumb\":{\"@id\":\"https:\\\/\\\/rvnski.eu\\\/svetainiu-kurimas\\\/rest-api-woocommerce-produktu-atnaujinimas\\\/#breadcrumb\"},\"inLanguage\":\"en-US\",\"potentialAction\":[{\"@type\":\"ReadAction\",\"target\":[\"https:\\\/\\\/rvnski.eu\\\/svetainiu-kurimas\\\/rest-api-woocommerce-produktu-atnaujinimas\\\/\"]}]},{\"@type\":\"ImageObject\",\"inLanguage\":\"en-US\",\"@id\":\"https:\\\/\\\/rvnski.eu\\\/svetainiu-kurimas\\\/rest-api-woocommerce-produktu-atnaujinimas\\\/#primaryimage\",\"url\":\"https:\\\/\\\/rvnski.eu\\\/wp-content\\\/uploads\\\/Woocommerce-REST-API-automatinis-produktu-atnaujinimas.png\",\"contentUrl\":\"https:\\\/\\\/rvnski.eu\\\/wp-content\\\/uploads\\\/Woocommerce-REST-API-automatinis-produktu-atnaujinimas.png\",\"width\":600,\"height\":486,\"caption\":\"Woocommerce REST API produkt\u0173 atnaujinimas\"},{\"@type\":\"BreadcrumbList\",\"@id\":\"https:\\\/\\\/rvnski.eu\\\/svetainiu-kurimas\\\/rest-api-woocommerce-produktu-atnaujinimas\\\/#breadcrumb\",\"itemListElement\":[{\"@type\":\"ListItem\",\"position\":1,\"name\":\"Home\",\"item\":\"https:\\\/\\\/rvnski.eu\\\/\"},{\"@type\":\"ListItem\",\"position\":2,\"name\":\"Products\",\"item\":\"https:\\\/\\\/rvnski.eu\\\/shop\\\/\"},{\"@type\":\"ListItem\",\"position\":3,\"name\":\"REST API produkt\u0173 atnaujinimas\"}]},{\"@type\":\"WebSite\",\"@id\":\"https:\\\/\\\/rvnski.eu\\\/#website\",\"url\":\"https:\\\/\\\/rvnski.eu\\\/\",\"name\":\"Prek\u0117s \u017eenklas &amp; S\u0105veika\",\"description\":\"\",\"publisher\":{\"@id\":\"https:\\\/\\\/rvnski.eu\\\/#organization\"},\"potentialAction\":[{\"@type\":\"SearchAction\",\"target\":{\"@type\":\"EntryPoint\",\"urlTemplate\":\"https:\\\/\\\/rvnski.eu\\\/?s={search_term_string}\"},\"query-input\":{\"@type\":\"PropertyValueSpecification\",\"valueRequired\":true,\"valueName\":\"search_term_string\"}}],\"inLanguage\":\"en-US\"},{\"@type\":\"Organization\",\"@id\":\"https:\\\/\\\/rvnski.eu\\\/#organization\",\"name\":\"Prek\u0117s \u017eenklas &amp; S\u0105veika\",\"url\":\"https:\\\/\\\/rvnski.eu\\\/\",\"logo\":{\"@type\":\"ImageObject\",\"inLanguage\":\"en-US\",\"@id\":\"https:\\\/\\\/rvnski.eu\\\/#\\\/schema\\\/logo\\\/image\\\/\",\"url\":\"https:\\\/\\\/rvnski.eu\\\/wp-content\\\/uploads\\\/fav.png\",\"contentUrl\":\"https:\\\/\\\/rvnski.eu\\\/wp-content\\\/uploads\\\/fav.png\",\"width\":512,\"height\":512,\"caption\":\"Prek\u0117s \u017eenklas &amp; S\u0105veika\"},\"image\":{\"@id\":\"https:\\\/\\\/rvnski.eu\\\/#\\\/schema\\\/logo\\\/image\\\/\"}}]}<\/script>\n<!-- \/ Yoast SEO plugin. -->","yoast_head_json":{"title":"REST API produkt\u0173 atnaujinimas - Prek\u0117s \u017eenklas &amp; S\u0105veika","description":"REST API sprendimas leid\u017eia grei\u010diau ir patikimiau nei wp all import sinchronizuoti preki\u0173 liku\u010dius, kainas ir kitus duomenis i\u0161 XML ar CSV fail\u0173","robots":{"index":"index","follow":"follow","max-snippet":"max-snippet:-1","max-image-preview":"max-image-preview:large","max-video-preview":"max-video-preview:-1"},"canonical":"https:\/\/rvnski.eu\/en\/svetainiu-kurimas\/rest-api-woocommerce-produktu-atnaujinimas\/","og_locale":"en_US","og_type":"article","og_title":"REST API produkt\u0173 atnaujinimas - Prek\u0117s \u017eenklas &amp; S\u0105veika","og_description":"REST API sprendimas leid\u017eia grei\u010diau ir patikimiau nei wp all import sinchronizuoti preki\u0173 liku\u010dius, kainas ir kitus duomenis i\u0161 XML ar CSV fail\u0173","og_url":"https:\/\/rvnski.eu\/en\/svetainiu-kurimas\/rest-api-woocommerce-produktu-atnaujinimas\/","og_site_name":"Prek\u0117s \u017eenklas &amp; S\u0105veika","article_modified_time":"2025-04-30T08:51:04+00:00","og_image":[{"width":600,"height":486,"url":"https:\/\/rvnski.eu\/wp-content\/uploads\/Woocommerce-REST-API-automatinis-produktu-atnaujinimas.png","type":"image\/png"}],"twitter_card":"summary_large_image","twitter_misc":{"Est. reading time":"3 minutes"},"schema":{"@context":"https:\/\/schema.org","@graph":[{"@type":"WebPage","@id":"https:\/\/rvnski.eu\/svetainiu-kurimas\/rest-api-woocommerce-produktu-atnaujinimas\/","url":"https:\/\/rvnski.eu\/svetainiu-kurimas\/rest-api-woocommerce-produktu-atnaujinimas\/","name":"REST API produkt\u0173 atnaujinimas - Prek\u0117s \u017eenklas &amp; S\u0105veika","isPartOf":{"@id":"https:\/\/rvnski.eu\/#website"},"primaryImageOfPage":{"@id":"https:\/\/rvnski.eu\/svetainiu-kurimas\/rest-api-woocommerce-produktu-atnaujinimas\/#primaryimage"},"image":{"@id":"https:\/\/rvnski.eu\/svetainiu-kurimas\/rest-api-woocommerce-produktu-atnaujinimas\/#primaryimage"},"thumbnailUrl":"https:\/\/rvnski.eu\/wp-content\/uploads\/Woocommerce-REST-API-automatinis-produktu-atnaujinimas.png","datePublished":"2025-01-30T17:10:00+00:00","dateModified":"2025-04-30T08:51:04+00:00","description":"REST API sprendimas leid\u017eia grei\u010diau ir patikimiau nei wp all import sinchronizuoti preki\u0173 liku\u010dius, kainas ir kitus duomenis i\u0161 XML ar CSV fail\u0173","breadcrumb":{"@id":"https:\/\/rvnski.eu\/svetainiu-kurimas\/rest-api-woocommerce-produktu-atnaujinimas\/#breadcrumb"},"inLanguage":"en-US","potentialAction":[{"@type":"ReadAction","target":["https:\/\/rvnski.eu\/svetainiu-kurimas\/rest-api-woocommerce-produktu-atnaujinimas\/"]}]},{"@type":"ImageObject","inLanguage":"en-US","@id":"https:\/\/rvnski.eu\/svetainiu-kurimas\/rest-api-woocommerce-produktu-atnaujinimas\/#primaryimage","url":"https:\/\/rvnski.eu\/wp-content\/uploads\/Woocommerce-REST-API-automatinis-produktu-atnaujinimas.png","contentUrl":"https:\/\/rvnski.eu\/wp-content\/uploads\/Woocommerce-REST-API-automatinis-produktu-atnaujinimas.png","width":600,"height":486,"caption":"Woocommerce REST API produkt\u0173 atnaujinimas"},{"@type":"BreadcrumbList","@id":"https:\/\/rvnski.eu\/svetainiu-kurimas\/rest-api-woocommerce-produktu-atnaujinimas\/#breadcrumb","itemListElement":[{"@type":"ListItem","position":1,"name":"Home","item":"https:\/\/rvnski.eu\/"},{"@type":"ListItem","position":2,"name":"Products","item":"https:\/\/rvnski.eu\/shop\/"},{"@type":"ListItem","position":3,"name":"REST API produkt\u0173 atnaujinimas"}]},{"@type":"WebSite","@id":"https:\/\/rvnski.eu\/#website","url":"https:\/\/rvnski.eu\/","name":"Branding &amp; Interaction","description":"","publisher":{"@id":"https:\/\/rvnski.eu\/#organization"},"potentialAction":[{"@type":"SearchAction","target":{"@type":"EntryPoint","urlTemplate":"https:\/\/rvnski.eu\/?s={search_term_string}"},"query-input":{"@type":"PropertyValueSpecification","valueRequired":true,"valueName":"search_term_string"}}],"inLanguage":"en-US"},{"@type":"Organization","@id":"https:\/\/rvnski.eu\/#organization","name":"Branding &amp; Interaction","url":"https:\/\/rvnski.eu\/","logo":{"@type":"ImageObject","inLanguage":"en-US","@id":"https:\/\/rvnski.eu\/#\/schema\/logo\/image\/","url":"https:\/\/rvnski.eu\/wp-content\/uploads\/fav.png","contentUrl":"https:\/\/rvnski.eu\/wp-content\/uploads\/fav.png","width":512,"height":512,"caption":"Prek\u0117s \u017eenklas &amp; S\u0105veika"},"image":{"@id":"https:\/\/rvnski.eu\/#\/schema\/logo\/image\/"}}]}},"_links":{"self":[{"href":"https:\/\/rvnski.eu\/en\/wp-json\/wp\/v2\/product\/1760","targetHints":{"allow":["GET"]}}],"collection":[{"href":"https:\/\/rvnski.eu\/en\/wp-json\/wp\/v2\/product"}],"about":[{"href":"https:\/\/rvnski.eu\/en\/wp-json\/wp\/v2\/types\/product"}],"wp:featuredmedia":[{"embeddable":true,"href":"https:\/\/rvnski.eu\/en\/wp-json\/wp\/v2\/media\/1793"}],"wp:attachment":[{"href":"https:\/\/rvnski.eu\/en\/wp-json\/wp\/v2\/media?parent=1760"}],"wp:term":[{"taxonomy":"product_brand","embeddable":true,"href":"https:\/\/rvnski.eu\/en\/wp-json\/wp\/v2\/product_brand?post=1760"},{"taxonomy":"product_cat","embeddable":true,"href":"https:\/\/rvnski.eu\/en\/wp-json\/wp\/v2\/product_cat?post=1760"},{"taxonomy":"product_tag","embeddable":true,"href":"https:\/\/rvnski.eu\/en\/wp-json\/wp\/v2\/product_tag?post=1760"}],"curies":[{"name":"wp","href":"https:\/\/api.w.org\/{rel}","templated":true}]}}