{"id":109,"date":"2022-12-06T18:51:00","date_gmt":"2022-12-06T16:51:00","guid":{"rendered":"https:\/\/rvnski.eu\/?post_type=product&#038;p=109"},"modified":"2025-10-17T08:40:13","modified_gmt":"2025-10-17T05:40:13","slug":"svetainiu-ir-iskiepiu-programavimas","status":"publish","type":"product","link":"https:\/\/rvnski.eu\/en\/svetainiu-kurimas\/svetainiu-ir-iskiepiu-programavimas\/","title":{"rendered":"Website development"},"content":{"rendered":"","protected":false},"excerpt":{"rendered":"<p>*Express variantas, minimalios korekcijos.<br \/>\n**brand design &#8211; Figma\/Sketch &#8211; Unikaliam projektui <a href=\"https:\/\/rvnski.eu\/getting-started\/\">si\u0173skite u\u017eklaus\u0105<\/a>.<br \/>\n<strong>\u2736 nurodytos preliminarios kainos<\/strong><\/p>\n[vc_row type=\"in_container\" full_screen_row_position=\"middle\" column_margin=\"default\" column_direction=\"default\" column_direction_tablet=\"default\" column_direction_phone=\"default\" scene_position=\"center\" top_padding=\"20px\" constrain_group_1=\"yes\" bottom_padding=\"20px\" top_margin=\"0\" constrain_group_7=\"yes\" bottom_margin=\"0\" text_color=\"dark\" text_align=\"left\" row_border_radius=\"none\" row_border_radius_applies=\"bg\" overflow=\"visible\" overlay_strength=\"0.3\" gradient_direction=\"left_to_right\" shape_divider_position=\"bottom\" bg_image_animation=\"none\" gradient_type=\"default\" shape_type=\"\"][vc_column column_padding=\"no-extra-padding\" column_padding_tablet=\"inherit\" column_padding_phone=\"inherit\" column_padding_position=\"all\" column_element_direction_desktop=\"default\" column_element_spacing=\"default\" desktop_text_alignment=\"default\" tablet_text_alignment=\"default\" phone_text_alignment=\"default\" background_color_opacity=\"1\" background_hover_color_opacity=\"1\" column_backdrop_filter=\"none\" column_shadow=\"none\" column_border_radius=\"none\" column_link_target=\"_self\" column_position=\"default\" gradient_direction=\"left_to_right\" overlay_strength=\"0.3\" width=\"1\/1\" tablet_width_inherit=\"default\" animation_type=\"default\" bg_image_animation=\"none\" border_type=\"simple\" column_border_width=\"none\" column_border_style=\"solid\" column_padding_type=\"default\" gradient_type=\"default\"][cflow_btn size=\"medium\" button_style=\"see-through\" button_color_2=\"Accent-Color\" icon_family=\"default_arrow\" el_class=\"reqbut\" text=\"Si\u0173sti u\u017eklaus\u0105\" css_animation=\"pulse\" url=\"https:\/\/rvnski.eu\/getting-started\/\"][\/vc_column][\/vc_row]\n","protected":false},"featured_media":1104,"template":"","meta":[],"product_brand":[],"product_cat":[15],"product_tag":[],"class_list":{"0":"post-109","1":"product","2":"type-product","3":"status-publish","4":"has-post-thumbnail","6":"product_cat-svetainiu-kurimas","8":"first","9":"instock","10":"sold-individually","11":"shipping-taxable","12":"purchasable","13":"product-type-variable"},"yoast_head":"<!-- This site is optimized with the Yoast SEO plugin v27.4 - https:\/\/yoast.com\/product\/yoast-seo-wordpress\/ -->\n<title>Svetaini\u0173 k\u016brimas - Prek\u0117s \u017eenklas &amp; S\u0105veika<\/title>\n<meta name=\"description\" content=\"Web dizainas, tinkantis j\u016bs\u0173 verslui. Individual\u016bs sprendimai, prieinamos kainos. I\u0161siskirkite internete gra\u017eia svetaine.\" \/>\n<meta name=\"robots\" content=\"index, follow, max-snippet:-1, max-image-preview:large, max-video-preview:-1\" \/>\n<link rel=\"canonical\" href=\"https:\/\/rvnski.eu\/en\/svetainiu-kurimas\/svetainiu-ir-iskiepiu-programavimas\/\" \/>\n<meta property=\"og:locale\" content=\"en_US\" \/>\n<meta property=\"og:type\" content=\"article\" \/>\n<meta property=\"og:title\" content=\"Branding &amp; Interaction\" \/>\n<meta property=\"og:description\" content=\"Web design that works for your business. Custom solutions, affordable prices. Stand out online with a beautiful website.\" \/>\n<meta property=\"og:url\" content=\"https:\/\/rvnski.eu\/en\/svetainiu-kurimas\/svetainiu-ir-iskiepiu-programavimas\/\" \/>\n<meta property=\"og:site_name\" content=\"Prek\u0117s \u017eenklas &amp; S\u0105veika\" \/>\n<meta property=\"article:modified_time\" content=\"2025-10-17T05:40:13+00:00\" \/>\n<meta name=\"twitter:card\" content=\"summary_large_image\" \/>\n<meta name=\"twitter:title\" content=\"Branding &amp; Interaction\" \/>\n<meta name=\"twitter:description\" content=\"Web design that works for your business. Custom solutions, affordable prices. Stand out online with a beautiful website.\" \/>\n<meta name=\"twitter:label1\" content=\"Est. reading time\" \/>\n\t<meta name=\"twitter:data1\" content=\"1 minute\" \/>\n<script type=\"application\/ld+json\" class=\"yoast-schema-graph\">{\"@context\":\"https:\\\/\\\/schema.org\",\"@graph\":[{\"@type\":\"WebPage\",\"@id\":\"https:\\\/\\\/rvnski.eu\\\/svetainiu-kurimas\\\/svetainiu-ir-iskiepiu-programavimas\\\/\",\"url\":\"https:\\\/\\\/rvnski.eu\\\/svetainiu-kurimas\\\/svetainiu-ir-iskiepiu-programavimas\\\/\",\"name\":\"Svetaini\u0173 k\u016brimas - Prek\u0117s \u017eenklas &amp; S\u0105veika\",\"isPartOf\":{\"@id\":\"https:\\\/\\\/rvnski.eu\\\/#website\"},\"primaryImageOfPage\":{\"@id\":\"https:\\\/\\\/rvnski.eu\\\/svetainiu-kurimas\\\/svetainiu-ir-iskiepiu-programavimas\\\/#primaryimage\"},\"image\":{\"@id\":\"https:\\\/\\\/rvnski.eu\\\/svetainiu-kurimas\\\/svetainiu-ir-iskiepiu-programavimas\\\/#primaryimage\"},\"thumbnailUrl\":\"https:\\\/\\\/rvnski.eu\\\/wp-content\\\/uploads\\\/prfliso.webp\",\"datePublished\":\"2022-12-06T16:51:00+00:00\",\"dateModified\":\"2025-10-17T05:40:13+00:00\",\"description\":\"Web dizainas, tinkantis j\u016bs\u0173 verslui. Individual\u016bs sprendimai, prieinamos kainos. I\u0161siskirkite internete gra\u017eia svetaine.\",\"breadcrumb\":{\"@id\":\"https:\\\/\\\/rvnski.eu\\\/svetainiu-kurimas\\\/svetainiu-ir-iskiepiu-programavimas\\\/#breadcrumb\"},\"inLanguage\":\"en-US\",\"potentialAction\":[{\"@type\":\"ReadAction\",\"target\":[\"https:\\\/\\\/rvnski.eu\\\/svetainiu-kurimas\\\/svetainiu-ir-iskiepiu-programavimas\\\/\"]}]},{\"@type\":\"ImageObject\",\"inLanguage\":\"en-US\",\"@id\":\"https:\\\/\\\/rvnski.eu\\\/svetainiu-kurimas\\\/svetainiu-ir-iskiepiu-programavimas\\\/#primaryimage\",\"url\":\"https:\\\/\\\/rvnski.eu\\\/wp-content\\\/uploads\\\/prfliso.webp\",\"contentUrl\":\"https:\\\/\\\/rvnski.eu\\\/wp-content\\\/uploads\\\/prfliso.webp\",\"width\":1920,\"height\":1200,\"caption\":\"Svetaini\u0173 k\u016brimas & Aptarnavimas\"},{\"@type\":\"BreadcrumbList\",\"@id\":\"https:\\\/\\\/rvnski.eu\\\/svetainiu-kurimas\\\/svetainiu-ir-iskiepiu-programavimas\\\/#breadcrumb\",\"itemListElement\":[{\"@type\":\"ListItem\",\"position\":1,\"name\":\"Home\",\"item\":\"https:\\\/\\\/rvnski.eu\\\/\"},{\"@type\":\"ListItem\",\"position\":2,\"name\":\"Products\",\"item\":\"https:\\\/\\\/rvnski.eu\\\/shop\\\/\"},{\"@type\":\"ListItem\",\"position\":3,\"name\":\"Svetaini\u0173 k\u016brimas\"}]},{\"@type\":\"WebSite\",\"@id\":\"https:\\\/\\\/rvnski.eu\\\/#website\",\"url\":\"https:\\\/\\\/rvnski.eu\\\/\",\"name\":\"Prek\u0117s \u017eenklas &amp; S\u0105veika\",\"description\":\"\",\"publisher\":{\"@id\":\"https:\\\/\\\/rvnski.eu\\\/#organization\"},\"potentialAction\":[{\"@type\":\"SearchAction\",\"target\":{\"@type\":\"EntryPoint\",\"urlTemplate\":\"https:\\\/\\\/rvnski.eu\\\/?s={search_term_string}\"},\"query-input\":{\"@type\":\"PropertyValueSpecification\",\"valueRequired\":true,\"valueName\":\"search_term_string\"}}],\"inLanguage\":\"en-US\"},{\"@type\":\"Organization\",\"@id\":\"https:\\\/\\\/rvnski.eu\\\/#organization\",\"name\":\"Prek\u0117s \u017eenklas &amp; S\u0105veika\",\"url\":\"https:\\\/\\\/rvnski.eu\\\/\",\"logo\":{\"@type\":\"ImageObject\",\"inLanguage\":\"en-US\",\"@id\":\"https:\\\/\\\/rvnski.eu\\\/#\\\/schema\\\/logo\\\/image\\\/\",\"url\":\"https:\\\/\\\/rvnski.eu\\\/wp-content\\\/uploads\\\/fav.png\",\"contentUrl\":\"https:\\\/\\\/rvnski.eu\\\/wp-content\\\/uploads\\\/fav.png\",\"width\":512,\"height\":512,\"caption\":\"Prek\u0117s \u017eenklas &amp; S\u0105veika\"},\"image\":{\"@id\":\"https:\\\/\\\/rvnski.eu\\\/#\\\/schema\\\/logo\\\/image\\\/\"}}]}<\/script>\n<!-- \/ Yoast SEO plugin. -->","yoast_head_json":{"title":"Svetaini\u0173 k\u016brimas - Prek\u0117s \u017eenklas &amp; S\u0105veika","description":"Web dizainas, tinkantis j\u016bs\u0173 verslui. Individual\u016bs sprendimai, prieinamos kainos. I\u0161siskirkite internete gra\u017eia svetaine.","robots":{"index":"index","follow":"follow","max-snippet":"max-snippet:-1","max-image-preview":"max-image-preview:large","max-video-preview":"max-video-preview:-1"},"canonical":"https:\/\/rvnski.eu\/en\/svetainiu-kurimas\/svetainiu-ir-iskiepiu-programavimas\/","og_locale":"en_US","og_type":"article","og_title":"Branding & Interaction","og_description":"Web design that works for your business. Custom solutions, affordable prices. Stand out online with a beautiful website.","og_url":"https:\/\/rvnski.eu\/en\/svetainiu-kurimas\/svetainiu-ir-iskiepiu-programavimas\/","og_site_name":"Prek\u0117s \u017eenklas &amp; S\u0105veika","article_modified_time":"2025-10-17T05:40:13+00:00","twitter_card":"summary_large_image","twitter_title":"Branding & Interaction","twitter_description":"Web design that works for your business. Custom solutions, affordable prices. Stand out online with a beautiful website.","twitter_misc":{"Est. reading time":"1 minute"},"schema":{"@context":"https:\/\/schema.org","@graph":[{"@type":"WebPage","@id":"https:\/\/rvnski.eu\/svetainiu-kurimas\/svetainiu-ir-iskiepiu-programavimas\/","url":"https:\/\/rvnski.eu\/svetainiu-kurimas\/svetainiu-ir-iskiepiu-programavimas\/","name":"Svetaini\u0173 k\u016brimas - Prek\u0117s \u017eenklas &amp; S\u0105veika","isPartOf":{"@id":"https:\/\/rvnski.eu\/#website"},"primaryImageOfPage":{"@id":"https:\/\/rvnski.eu\/svetainiu-kurimas\/svetainiu-ir-iskiepiu-programavimas\/#primaryimage"},"image":{"@id":"https:\/\/rvnski.eu\/svetainiu-kurimas\/svetainiu-ir-iskiepiu-programavimas\/#primaryimage"},"thumbnailUrl":"https:\/\/rvnski.eu\/wp-content\/uploads\/prfliso.webp","datePublished":"2022-12-06T16:51:00+00:00","dateModified":"2025-10-17T05:40:13+00:00","description":"Web dizainas, tinkantis j\u016bs\u0173 verslui. Individual\u016bs sprendimai, prieinamos kainos. I\u0161siskirkite internete gra\u017eia svetaine.","breadcrumb":{"@id":"https:\/\/rvnski.eu\/svetainiu-kurimas\/svetainiu-ir-iskiepiu-programavimas\/#breadcrumb"},"inLanguage":"en-US","potentialAction":[{"@type":"ReadAction","target":["https:\/\/rvnski.eu\/svetainiu-kurimas\/svetainiu-ir-iskiepiu-programavimas\/"]}]},{"@type":"ImageObject","inLanguage":"en-US","@id":"https:\/\/rvnski.eu\/svetainiu-kurimas\/svetainiu-ir-iskiepiu-programavimas\/#primaryimage","url":"https:\/\/rvnski.eu\/wp-content\/uploads\/prfliso.webp","contentUrl":"https:\/\/rvnski.eu\/wp-content\/uploads\/prfliso.webp","width":1920,"height":1200,"caption":"Svetaini\u0173 k\u016brimas & Aptarnavimas"},{"@type":"BreadcrumbList","@id":"https:\/\/rvnski.eu\/svetainiu-kurimas\/svetainiu-ir-iskiepiu-programavimas\/#breadcrumb","itemListElement":[{"@type":"ListItem","position":1,"name":"Home","item":"https:\/\/rvnski.eu\/"},{"@type":"ListItem","position":2,"name":"Products","item":"https:\/\/rvnski.eu\/shop\/"},{"@type":"ListItem","position":3,"name":"Svetaini\u0173 k\u016brimas"}]},{"@type":"WebSite","@id":"https:\/\/rvnski.eu\/#website","url":"https:\/\/rvnski.eu\/","name":"Branding &amp; Interaction","description":"","publisher":{"@id":"https:\/\/rvnski.eu\/#organization"},"potentialAction":[{"@type":"SearchAction","target":{"@type":"EntryPoint","urlTemplate":"https:\/\/rvnski.eu\/?s={search_term_string}"},"query-input":{"@type":"PropertyValueSpecification","valueRequired":true,"valueName":"search_term_string"}}],"inLanguage":"en-US"},{"@type":"Organization","@id":"https:\/\/rvnski.eu\/#organization","name":"Branding &amp; Interaction","url":"https:\/\/rvnski.eu\/","logo":{"@type":"ImageObject","inLanguage":"en-US","@id":"https:\/\/rvnski.eu\/#\/schema\/logo\/image\/","url":"https:\/\/rvnski.eu\/wp-content\/uploads\/fav.png","contentUrl":"https:\/\/rvnski.eu\/wp-content\/uploads\/fav.png","width":512,"height":512,"caption":"Prek\u0117s \u017eenklas &amp; S\u0105veika"},"image":{"@id":"https:\/\/rvnski.eu\/#\/schema\/logo\/image\/"}}]}},"_links":{"self":[{"href":"https:\/\/rvnski.eu\/en\/wp-json\/wp\/v2\/product\/109","targetHints":{"allow":["GET"]}}],"collection":[{"href":"https:\/\/rvnski.eu\/en\/wp-json\/wp\/v2\/product"}],"about":[{"href":"https:\/\/rvnski.eu\/en\/wp-json\/wp\/v2\/types\/product"}],"wp:featuredmedia":[{"embeddable":true,"href":"https:\/\/rvnski.eu\/en\/wp-json\/wp\/v2\/media\/1104"}],"wp:attachment":[{"href":"https:\/\/rvnski.eu\/en\/wp-json\/wp\/v2\/media?parent=109"}],"wp:term":[{"taxonomy":"product_brand","embeddable":true,"href":"https:\/\/rvnski.eu\/en\/wp-json\/wp\/v2\/product_brand?post=109"},{"taxonomy":"product_cat","embeddable":true,"href":"https:\/\/rvnski.eu\/en\/wp-json\/wp\/v2\/product_cat?post=109"},{"taxonomy":"product_tag","embeddable":true,"href":"https:\/\/rvnski.eu\/en\/wp-json\/wp\/v2\/product_tag?post=109"}],"curies":[{"name":"wp","href":"https:\/\/api.w.org\/{rel}","templated":true}]}}