{"id":1051,"date":"2024-04-29T14:09:05","date_gmt":"2024-04-29T12:09:05","guid":{"rendered":"https:\/\/rvnski.eu\/?post_type=product&#038;p=1051"},"modified":"2026-01-03T13:52:10","modified_gmt":"2026-01-03T11:52:10","slug":"autogreitassupirkimas","status":"publish","type":"product","link":"https:\/\/rvnski.eu\/en\/svetainiu-kurimas\/autogreitassupirkimas\/","title":{"rendered":"Auto supirkimas"},"content":{"rendered":"","protected":false},"excerpt":{"rendered":"<p><strong><a href=\"https:\/\/autogreitassupirkimas.lt\" target=\"_blank\" rel=\"noopener\">Autogreitassupirkimas.lt<\/a><\/strong><br \/>\nAutomobili\u0173 supirkimas puslapis pardavimui. Paruo\u0161tas naudojimui, vidinis SEO, blogas (u\u017eklausas jau renka, 2 kalbos)<br \/>\nDomeno perleidimas \/ puslapio migracija (1 d.d.)<br \/>\n<strong>\u2736 <em>Papildomai 200\u20ac\/metams &#8211; <a href=\"https:\/\/supirkimas.eu\/\" target=\"_blank\" rel=\"noopener\">supirkimas.eu<\/a> prenumerata<\/em><\/strong><\/p>","protected":false},"featured_media":1795,"template":"","meta":[],"product_brand":[],"product_cat":[15],"product_tag":[],"class_list":{"0":"post-1051","1":"product","2":"type-product","3":"status-publish","4":"has-post-thumbnail","6":"product_cat-svetainiu-kurimas","8":"first","9":"instock","10":"virtual","11":"sold-individually","12":"purchasable","13":"product-type-simple"},"yoast_head":"<!-- This site is optimized with the Yoast SEO plugin v27.3 - https:\/\/yoast.com\/product\/yoast-seo-wordpress\/ -->\n<title>Auto supirkimas - Prek\u0117s \u017eenklas &amp; S\u0105veika<\/title>\n<meta name=\"description\" content=\"Automobili\u0173 supirkimo puslapis. Paruo\u0161tas naudojimui.\" \/>\n<meta name=\"robots\" content=\"index, follow, max-snippet:-1, max-image-preview:large, max-video-preview:-1\" \/>\n<link rel=\"canonical\" href=\"https:\/\/rvnski.eu\/en\/svetainiu-kurimas\/autogreitassupirkimas\/\" \/>\n<meta property=\"og:locale\" content=\"en_US\" \/>\n<meta property=\"og:type\" content=\"article\" \/>\n<meta property=\"og:title\" content=\"Auto supirkimas - Prek\u0117s \u017eenklas &amp; S\u0105veika\" \/>\n<meta property=\"og:description\" content=\"Automobili\u0173 supirkimo puslapis. Paruo\u0161tas naudojimui.\" \/>\n<meta property=\"og:url\" content=\"https:\/\/rvnski.eu\/en\/svetainiu-kurimas\/autogreitassupirkimas\/\" \/>\n<meta property=\"og:site_name\" content=\"Prek\u0117s \u017eenklas &amp; S\u0105veika\" \/>\n<meta property=\"article:modified_time\" content=\"2026-01-03T11:52:10+00:00\" \/>\n<meta property=\"og:image\" content=\"https:\/\/rvnski.eu\/wp-content\/uploads\/auto-greitas-supirkimas-work.webp\" \/>\n\t<meta property=\"og:image:width\" content=\"1600\" \/>\n\t<meta property=\"og:image:height\" content=\"1800\" \/>\n\t<meta property=\"og:image:type\" content=\"image\/webp\" \/>\n<meta name=\"twitter:card\" content=\"summary_large_image\" \/>\n<meta name=\"twitter:description\" content=\"Automobili\u0173 supirkimo puslapis. Paruo\u0161tas naudojimui.\" \/>\n<meta name=\"twitter:image\" content=\"https:\/\/rvnski.eu\/wp-content\/uploads\/auto-greitas-supirkimas-work.webp\" \/>\n<meta name=\"twitter:label1\" content=\"Est. reading time\" \/>\n\t<meta name=\"twitter:data1\" content=\"1 minute\" \/>\n<script type=\"application\/ld+json\" class=\"yoast-schema-graph\">{\"@context\":\"https:\\\/\\\/schema.org\",\"@graph\":[{\"@type\":\"WebPage\",\"@id\":\"https:\\\/\\\/rvnski.eu\\\/svetainiu-kurimas\\\/autogreitassupirkimas\\\/\",\"url\":\"https:\\\/\\\/rvnski.eu\\\/svetainiu-kurimas\\\/autogreitassupirkimas\\\/\",\"name\":\"Auto supirkimas - Prek\u0117s \u017eenklas &amp; S\u0105veika\",\"isPartOf\":{\"@id\":\"https:\\\/\\\/rvnski.eu\\\/#website\"},\"primaryImageOfPage\":{\"@id\":\"https:\\\/\\\/rvnski.eu\\\/svetainiu-kurimas\\\/autogreitassupirkimas\\\/#primaryimage\"},\"image\":{\"@id\":\"https:\\\/\\\/rvnski.eu\\\/svetainiu-kurimas\\\/autogreitassupirkimas\\\/#primaryimage\"},\"thumbnailUrl\":\"https:\\\/\\\/rvnski.eu\\\/wp-content\\\/uploads\\\/Auto-greitas-supirkimas.png\",\"datePublished\":\"2024-04-29T12:09:05+00:00\",\"dateModified\":\"2026-01-03T11:52:10+00:00\",\"description\":\"Automobili\u0173 supirkimo puslapis. Paruo\u0161tas naudojimui.\",\"breadcrumb\":{\"@id\":\"https:\\\/\\\/rvnski.eu\\\/svetainiu-kurimas\\\/autogreitassupirkimas\\\/#breadcrumb\"},\"inLanguage\":\"en-US\",\"potentialAction\":[{\"@type\":\"ReadAction\",\"target\":[\"https:\\\/\\\/rvnski.eu\\\/svetainiu-kurimas\\\/autogreitassupirkimas\\\/\"]}]},{\"@type\":\"ImageObject\",\"inLanguage\":\"en-US\",\"@id\":\"https:\\\/\\\/rvnski.eu\\\/svetainiu-kurimas\\\/autogreitassupirkimas\\\/#primaryimage\",\"url\":\"https:\\\/\\\/rvnski.eu\\\/wp-content\\\/uploads\\\/Auto-greitas-supirkimas.png\",\"contentUrl\":\"https:\\\/\\\/rvnski.eu\\\/wp-content\\\/uploads\\\/Auto-greitas-supirkimas.png\",\"width\":1000,\"height\":1000,\"caption\":\"Automobili\u0173 supirkimo puslapis\"},{\"@type\":\"BreadcrumbList\",\"@id\":\"https:\\\/\\\/rvnski.eu\\\/svetainiu-kurimas\\\/autogreitassupirkimas\\\/#breadcrumb\",\"itemListElement\":[{\"@type\":\"ListItem\",\"position\":1,\"name\":\"Home\",\"item\":\"https:\\\/\\\/rvnski.eu\\\/\"},{\"@type\":\"ListItem\",\"position\":2,\"name\":\"Products\",\"item\":\"https:\\\/\\\/rvnski.eu\\\/shop\\\/\"},{\"@type\":\"ListItem\",\"position\":3,\"name\":\"Auto supirkimas\"}]},{\"@type\":\"WebSite\",\"@id\":\"https:\\\/\\\/rvnski.eu\\\/#website\",\"url\":\"https:\\\/\\\/rvnski.eu\\\/\",\"name\":\"Prek\u0117s \u017eenklas &amp; S\u0105veika\",\"description\":\"\",\"publisher\":{\"@id\":\"https:\\\/\\\/rvnski.eu\\\/#organization\"},\"potentialAction\":[{\"@type\":\"SearchAction\",\"target\":{\"@type\":\"EntryPoint\",\"urlTemplate\":\"https:\\\/\\\/rvnski.eu\\\/?s={search_term_string}\"},\"query-input\":{\"@type\":\"PropertyValueSpecification\",\"valueRequired\":true,\"valueName\":\"search_term_string\"}}],\"inLanguage\":\"en-US\"},{\"@type\":\"Organization\",\"@id\":\"https:\\\/\\\/rvnski.eu\\\/#organization\",\"name\":\"Prek\u0117s \u017eenklas &amp; S\u0105veika\",\"url\":\"https:\\\/\\\/rvnski.eu\\\/\",\"logo\":{\"@type\":\"ImageObject\",\"inLanguage\":\"en-US\",\"@id\":\"https:\\\/\\\/rvnski.eu\\\/#\\\/schema\\\/logo\\\/image\\\/\",\"url\":\"https:\\\/\\\/rvnski.eu\\\/wp-content\\\/uploads\\\/fav.png\",\"contentUrl\":\"https:\\\/\\\/rvnski.eu\\\/wp-content\\\/uploads\\\/fav.png\",\"width\":512,\"height\":512,\"caption\":\"Prek\u0117s \u017eenklas &amp; S\u0105veika\"},\"image\":{\"@id\":\"https:\\\/\\\/rvnski.eu\\\/#\\\/schema\\\/logo\\\/image\\\/\"}}]}<\/script>\n<!-- \/ Yoast SEO plugin. -->","yoast_head_json":{"title":"Auto supirkimas - Prek\u0117s \u017eenklas &amp; S\u0105veika","description":"Automobili\u0173 supirkimo puslapis. Paruo\u0161tas naudojimui.","robots":{"index":"index","follow":"follow","max-snippet":"max-snippet:-1","max-image-preview":"max-image-preview:large","max-video-preview":"max-video-preview:-1"},"canonical":"https:\/\/rvnski.eu\/en\/svetainiu-kurimas\/autogreitassupirkimas\/","og_locale":"en_US","og_type":"article","og_title":"Auto supirkimas - Prek\u0117s \u017eenklas &amp; S\u0105veika","og_description":"Automobili\u0173 supirkimo puslapis. Paruo\u0161tas naudojimui.","og_url":"https:\/\/rvnski.eu\/en\/svetainiu-kurimas\/autogreitassupirkimas\/","og_site_name":"Prek\u0117s \u017eenklas &amp; S\u0105veika","article_modified_time":"2026-01-03T11:52:10+00:00","og_image":[{"width":1600,"height":1800,"url":"https:\/\/rvnski.eu\/wp-content\/uploads\/auto-greitas-supirkimas-work.webp","type":"image\/webp"}],"twitter_card":"summary_large_image","twitter_description":"Automobili\u0173 supirkimo puslapis. Paruo\u0161tas naudojimui.","twitter_image":"https:\/\/rvnski.eu\/wp-content\/uploads\/auto-greitas-supirkimas-work.webp","twitter_misc":{"Est. reading time":"1 minute"},"schema":{"@context":"https:\/\/schema.org","@graph":[{"@type":"WebPage","@id":"https:\/\/rvnski.eu\/svetainiu-kurimas\/autogreitassupirkimas\/","url":"https:\/\/rvnski.eu\/svetainiu-kurimas\/autogreitassupirkimas\/","name":"Auto supirkimas - Prek\u0117s \u017eenklas &amp; S\u0105veika","isPartOf":{"@id":"https:\/\/rvnski.eu\/#website"},"primaryImageOfPage":{"@id":"https:\/\/rvnski.eu\/svetainiu-kurimas\/autogreitassupirkimas\/#primaryimage"},"image":{"@id":"https:\/\/rvnski.eu\/svetainiu-kurimas\/autogreitassupirkimas\/#primaryimage"},"thumbnailUrl":"https:\/\/rvnski.eu\/wp-content\/uploads\/Auto-greitas-supirkimas.png","datePublished":"2024-04-29T12:09:05+00:00","dateModified":"2026-01-03T11:52:10+00:00","description":"Automobili\u0173 supirkimo puslapis. Paruo\u0161tas naudojimui.","breadcrumb":{"@id":"https:\/\/rvnski.eu\/svetainiu-kurimas\/autogreitassupirkimas\/#breadcrumb"},"inLanguage":"en-US","potentialAction":[{"@type":"ReadAction","target":["https:\/\/rvnski.eu\/svetainiu-kurimas\/autogreitassupirkimas\/"]}]},{"@type":"ImageObject","inLanguage":"en-US","@id":"https:\/\/rvnski.eu\/svetainiu-kurimas\/autogreitassupirkimas\/#primaryimage","url":"https:\/\/rvnski.eu\/wp-content\/uploads\/Auto-greitas-supirkimas.png","contentUrl":"https:\/\/rvnski.eu\/wp-content\/uploads\/Auto-greitas-supirkimas.png","width":1000,"height":1000,"caption":"Automobili\u0173 supirkimo puslapis"},{"@type":"BreadcrumbList","@id":"https:\/\/rvnski.eu\/svetainiu-kurimas\/autogreitassupirkimas\/#breadcrumb","itemListElement":[{"@type":"ListItem","position":1,"name":"Home","item":"https:\/\/rvnski.eu\/"},{"@type":"ListItem","position":2,"name":"Products","item":"https:\/\/rvnski.eu\/shop\/"},{"@type":"ListItem","position":3,"name":"Auto supirkimas"}]},{"@type":"WebSite","@id":"https:\/\/rvnski.eu\/#website","url":"https:\/\/rvnski.eu\/","name":"Branding &amp; Interaction","description":"","publisher":{"@id":"https:\/\/rvnski.eu\/#organization"},"potentialAction":[{"@type":"SearchAction","target":{"@type":"EntryPoint","urlTemplate":"https:\/\/rvnski.eu\/?s={search_term_string}"},"query-input":{"@type":"PropertyValueSpecification","valueRequired":true,"valueName":"search_term_string"}}],"inLanguage":"en-US"},{"@type":"Organization","@id":"https:\/\/rvnski.eu\/#organization","name":"Branding &amp; Interaction","url":"https:\/\/rvnski.eu\/","logo":{"@type":"ImageObject","inLanguage":"en-US","@id":"https:\/\/rvnski.eu\/#\/schema\/logo\/image\/","url":"https:\/\/rvnski.eu\/wp-content\/uploads\/fav.png","contentUrl":"https:\/\/rvnski.eu\/wp-content\/uploads\/fav.png","width":512,"height":512,"caption":"Prek\u0117s \u017eenklas &amp; S\u0105veika"},"image":{"@id":"https:\/\/rvnski.eu\/#\/schema\/logo\/image\/"}}]}},"_links":{"self":[{"href":"https:\/\/rvnski.eu\/en\/wp-json\/wp\/v2\/product\/1051","targetHints":{"allow":["GET"]}}],"collection":[{"href":"https:\/\/rvnski.eu\/en\/wp-json\/wp\/v2\/product"}],"about":[{"href":"https:\/\/rvnski.eu\/en\/wp-json\/wp\/v2\/types\/product"}],"wp:featuredmedia":[{"embeddable":true,"href":"https:\/\/rvnski.eu\/en\/wp-json\/wp\/v2\/media\/1795"}],"wp:attachment":[{"href":"https:\/\/rvnski.eu\/en\/wp-json\/wp\/v2\/media?parent=1051"}],"wp:term":[{"taxonomy":"product_brand","embeddable":true,"href":"https:\/\/rvnski.eu\/en\/wp-json\/wp\/v2\/product_brand?post=1051"},{"taxonomy":"product_cat","embeddable":true,"href":"https:\/\/rvnski.eu\/en\/wp-json\/wp\/v2\/product_cat?post=1051"},{"taxonomy":"product_tag","embeddable":true,"href":"https:\/\/rvnski.eu\/en\/wp-json\/wp\/v2\/product_tag?post=1051"}],"curies":[{"name":"wp","href":"https:\/\/api.w.org\/{rel}","templated":true}]}}