{"id":1915,"date":"2025-04-25T18:17:42","date_gmt":"2025-04-25T15:17:42","guid":{"rendered":"https:\/\/rvnski.eu\/?page_id=1915"},"modified":"2025-04-26T00:11:36","modified_gmt":"2025-04-25T21:11:36","slug":"sprendimai","status":"publish","type":"page","link":"https:\/\/rvnski.eu\/en\/sprendimai\/","title":{"rendered":"Solutions"},"content":{"rendered":"<div id=\"fws_69df97a5e0916\"  data-column-margin=\"default\" data-midnight=\"dark\"  class=\"wpb_row vc_row-fluid vc_row full-width-section  bottom_margin_10px\"  style=\"padding-top: 0px; padding-bottom: 0px; \"><div class=\"row-bg-wrap\" data-bg-animation=\"none\" data-bg-animation-delay=\"\" data-bg-overlay=\"false\"><div class=\"inner-wrap row-bg-layer\" ><div class=\"row-bg viewport-desktop\"  style=\"\"><\/div><\/div><\/div><div class=\"row_col_wrap_12 col span_12 dark left\">\n\t<div  class=\"vc_col-sm-12 wpb_column column_container vc_column_container col has-animation no-extra-padding inherit_tablet inherit_phone\"  data-padding-pos=\"all\" data-has-bg-color=\"false\" data-bg-color=\"\" data-bg-opacity=\"1\" data-animation=\"slight-fade-in-from-bottom\" data-delay=\"100\" >\n\t\t<div class=\"vc_column-inner\" >\n\t\t\t<div class=\"wpb_wrapper\">\n\t\t\t\t<div class='cflow-post-grid-wrap text-color-light spacing-10px' data-el-settings='{\"post_type\":\"portfolio\",\"pagination\":\"none\",\"image_size\":\"full\",\"parallax_scrolling\":\"yes\",\"aspect_ratio_image_size\":\"\",\"category_position\":\"overlaid\",\"category_display\":\"default\",\"display_categories\":\"yes\",\"display_excerpt\":\"0\",\"excerpt_length\":\"20\",\"display_date\":\"0\",\"display_estimated_reading_time\":\"0\",\"display_author\":\"0\",\"author_functionality\":\"default\",\"author_position\":\"default\",\"color_overlay\":\"#161519\",\"color_overlay_opacity\":\"0.3\",\"color_overlay_hover_opacity\":\"0.5\",\"card_bg_color\":\"\",\"grid_style\":\"content_overlaid\",\"hover_effect\":\"zoom\",\"post_title_overlay\":\"\",\"heading_tag\":\"default\",\"enable_gallery_lightbox\":\"0\",\"category_style\":\"button\",\"overlay_secondary_project_image\":\"\",\"vertical_list_hover_effect\":\"none\",\"vertical_list_read_more\":\"\",\"read_more_button\":\"0\",\"animation\":\"none\",\"custom_fields\":\"\",\"custom_fields_location\":\"before_post_meta\",\"display_type\":\"grid\"}' data-style='content_overlaid' data-query='{\"post_type\":\"portfolio\",\"posts_per_page\":\"-1\",\"order\":\"DESC\",\"orderby\":\"date\",\"offset\":\"0\",\"cpt_name\":\"post\",\"custom_query_tax\":\"\",\"ignore_sticky_posts\":\"\",\"exclude_current_post\":\"\"}' data-load-more-color='black' data-load-more-text='Load More'><div class=\"cflow-post-grid-filters\" data-active-color=\"default\" data-align=\"default\" data-animation=\"none\" data-sortable=\"\"><div><a href=\"#\" class=\"active all-filter\" data-filter=\"-1\" data-total-count=\"5\">All<\/a><\/div><\/div><div class=\"cflow-post-grid custom_font_size_3vw font_size_max_54px font_size_tablet_5vw font_size_phone_34px font_line_height_1px text-opacity-1 text-opacity-hover-1 overlaid-aspect-ratio-image-size-1-1 layout-default_alt category-position-before-title category-button-color-rgba__10_10_10_0--2__\" data-lazy-skip=\"3\" data-indicator=\"\" data-indicator-style=\"default\" data-indicator-text-color=\"#fff\" data-indicator-color=\"#000\" data-indicator-text=\"View\" data-masonry=\"yes\" data-columns=\"2\" data-hover-effect=\"zoom\" data-text-style=\"default\" data-border-radius=\"25px\" data-grid-item-height=\"30vh\" data-grid-spacing=\"10px\" data-text-layout=\"corners\" data-text-color=\"light\" data-text-hover-color=\"light\" data-shadow-hover=\"\" data-animation=\"none\" data-animation-stagger=\"90\" data-cat-click=\"static\" style=\"--post-grid-border-radius:25px;\" ><div class=\"cflow-post-grid-item\" data-post-id=\"2164\" data-has-img=\"true\"> <div class=\"inner\"><div class=\"cflow-post-grid-item-bg-wrap\"><div class=\"cflow-el-parallax-scroll\" data-scroll-animation=\"true\" data-scroll-animation-mobile=\"true\" data-scroll-animation-intensity=\"-0.75\" data-scroll-animation-lerp=\"1\"><div class=\"cflow-post-grid-item-bg-wrap-inner\"><div class=\"cflow-post-grid-item-bg\"><img loading=\"lazy\" decoding=\"async\" width=\"1920\" height=\"1280\" src=\"https:\/\/rvnski.eu\/wp-content\/uploads\/AI-translator.jpg\" class=\"attachment-full size-full\" alt=\"Automatinis woocommerce produkt\u0173 vertimas\" srcset=\"https:\/\/rvnski.eu\/wp-content\/uploads\/AI-translator.jpg 1920w, https:\/\/rvnski.eu\/wp-content\/uploads\/AI-translator-768x512.jpg 768w, https:\/\/rvnski.eu\/wp-content\/uploads\/AI-translator-1536x1024.jpg 1536w, https:\/\/rvnski.eu\/wp-content\/uploads\/AI-translator-18x12.jpg 18w, https:\/\/rvnski.eu\/wp-content\/uploads\/AI-translator-900x600.jpg 900w\" sizes=\"auto, (max-width: 1920px) 100vw, 1920px\" \/><\/div><\/div><\/div><\/div><div class=\"bg-overlay\" style=\" background-color: #161519;\" data-opacity=\"0.3\" data-hover-opacity=\"0.5\"><\/div><div class=\"content\"><span class=\"cflow-post-grid__arrow-indicator\"><svg stroke=\"currentColor\" fill=\"currentColor\" stroke-width=\"0\" viewbox=\"60 58 140 140\" height=\"200px\" width=\"200px\" xmlns=\"http:\/\/www.w3.org\/2000\/svg\"><path d=\"M198,64V168a6,6,0,0,1-12,0V78.48L68.24,196.24a6,6,0,0,1-8.48-8.48L177.52,70H88a6,6,0,0,1,0-12H192A6,6,0,0,1,198,64Z\"><\/path><\/svg><\/span><a class=\"cflow-post-grid-link\" href=\"https:\/\/rvnski.eu\/en\/sprendimai\/automatinis-woocommerce-produktu-vertimas\/\" ><span class=\"screen-reader-text\">Automatinis woocommerce produkt\u0173 vertimas<\/span><\/a><div class=\"item-main\"><h3 class=\"post-heading\"><a href=\"https:\/\/rvnski.eu\/en\/sprendimai\/automatinis-woocommerce-produktu-vertimas\/\"><span>Automatinis woocommerce produkt\u0173 vertimas<\/span><\/a><\/h3><\/div><\/div><\/div><\/div><div class=\"cflow-post-grid-item\" data-post-id=\"2099\" data-has-img=\"true\"> <div class=\"inner\"><div class=\"cflow-post-grid-item-bg-wrap\"><div class=\"cflow-el-parallax-scroll\" data-scroll-animation=\"true\" data-scroll-animation-mobile=\"true\" data-scroll-animation-intensity=\"-0.75\" data-scroll-animation-lerp=\"1\"><div class=\"cflow-post-grid-item-bg-wrap-inner\"><div class=\"cflow-post-grid-item-bg\"><img loading=\"lazy\" decoding=\"async\" width=\"1920\" height=\"1280\" src=\"https:\/\/rvnski.eu\/wp-content\/uploads\/LT-ISF-SF-PVM.jpg\" class=\"attachment-full size-full\" alt=\"LT Invoices for WooCommerce\" srcset=\"https:\/\/rvnski.eu\/wp-content\/uploads\/LT-ISF-SF-PVM.jpg 1920w, https:\/\/rvnski.eu\/wp-content\/uploads\/LT-ISF-SF-PVM-768x512.jpg 768w, https:\/\/rvnski.eu\/wp-content\/uploads\/LT-ISF-SF-PVM-1536x1024.jpg 1536w, https:\/\/rvnski.eu\/wp-content\/uploads\/LT-ISF-SF-PVM-18x12.jpg 18w, https:\/\/rvnski.eu\/wp-content\/uploads\/LT-ISF-SF-PVM-900x600.jpg 900w\" sizes=\"auto, (max-width: 1920px) 100vw, 1920px\" \/><\/div><\/div><\/div><\/div><div class=\"bg-overlay\" style=\" background-color: #161519;\" data-opacity=\"0.3\" data-hover-opacity=\"0.5\"><\/div><div class=\"content\"><span class=\"cflow-post-grid__arrow-indicator\"><svg stroke=\"currentColor\" fill=\"currentColor\" stroke-width=\"0\" viewbox=\"60 58 140 140\" height=\"200px\" width=\"200px\" xmlns=\"http:\/\/www.w3.org\/2000\/svg\"><path d=\"M198,64V168a6,6,0,0,1-12,0V78.48L68.24,196.24a6,6,0,0,1-8.48-8.48L177.52,70H88a6,6,0,0,1,0-12H192A6,6,0,0,1,198,64Z\"><\/path><\/svg><\/span><a class=\"cflow-post-grid-link\" href=\"https:\/\/rvnski.eu\/en\/sprendimai\/lt-invoices-for-woocommerce\/\" ><span class=\"screen-reader-text\">LT Invoices for WooCommerce<\/span><\/a><div class=\"item-main\"><h3 class=\"post-heading\"><a href=\"https:\/\/rvnski.eu\/en\/sprendimai\/lt-invoices-for-woocommerce\/\"><span>LT Invoices for WooCommerce<\/span><\/a><\/h3><\/div><\/div><\/div><\/div><div class=\"cflow-post-grid-item\" data-post-id=\"2041\" data-has-img=\"true\"> <div class=\"inner\"><div class=\"cflow-post-grid-item-bg-wrap\"><div class=\"cflow-el-parallax-scroll\" data-scroll-animation=\"true\" data-scroll-animation-mobile=\"true\" data-scroll-animation-intensity=\"-0.75\" data-scroll-animation-lerp=\"1\"><div class=\"cflow-post-grid-item-bg-wrap-inner\"><div class=\"cflow-post-grid-item-bg\"><img loading=\"lazy\" decoding=\"async\" width=\"1920\" height=\"1280\" src=\"https:\/\/rvnski.eu\/wp-content\/uploads\/XML-eksportavimas.jpg\" class=\"attachment-full size-full\" alt=\"\" srcset=\"https:\/\/rvnski.eu\/wp-content\/uploads\/XML-eksportavimas.jpg 1920w, https:\/\/rvnski.eu\/wp-content\/uploads\/XML-eksportavimas-768x512.jpg 768w, https:\/\/rvnski.eu\/wp-content\/uploads\/XML-eksportavimas-1536x1024.jpg 1536w, https:\/\/rvnski.eu\/wp-content\/uploads\/XML-eksportavimas-18x12.jpg 18w, https:\/\/rvnski.eu\/wp-content\/uploads\/XML-eksportavimas-900x600.jpg 900w\" sizes=\"auto, (max-width: 1920px) 100vw, 1920px\" \/><\/div><\/div><\/div><\/div><div class=\"bg-overlay\" style=\" background-color: #161519;\" data-opacity=\"0.3\" data-hover-opacity=\"0.5\"><\/div><div class=\"content\"><span class=\"cflow-post-grid__arrow-indicator\"><svg stroke=\"currentColor\" fill=\"currentColor\" stroke-width=\"0\" viewbox=\"60 58 140 140\" height=\"200px\" width=\"200px\" xmlns=\"http:\/\/www.w3.org\/2000\/svg\"><path d=\"M198,64V168a6,6,0,0,1-12,0V78.48L68.24,196.24a6,6,0,0,1-8.48-8.48L177.52,70H88a6,6,0,0,1,0-12H192A6,6,0,0,1,198,64Z\"><\/path><\/svg><\/span><a class=\"cflow-post-grid-link\" href=\"https:\/\/rvnski.eu\/en\/sprendimai\/wc-feed-builder-vienas-iskiepis-visiems-xml-prekiu-feedams-pigu-varle-kainos-kaina24-b2b\/\" ><span class=\"screen-reader-text\">WC Feed Builder \u2013 vienas \u012fskiepis visiems XML preki\u0173 feedams<\/span><\/a><div class=\"item-main\"><h3 class=\"post-heading\"><a href=\"https:\/\/rvnski.eu\/en\/sprendimai\/wc-feed-builder-vienas-iskiepis-visiems-xml-prekiu-feedams-pigu-varle-kainos-kaina24-b2b\/\"><span>WC Feed Builder \u2013 vienas \u012fskiepis visiems XML preki\u0173 feedams<\/span><\/a><\/h3><\/div><\/div><\/div><\/div><div class=\"cflow-post-grid-item\" data-post-id=\"1897\" data-has-img=\"true\"> <div class=\"inner\"><div class=\"cflow-post-grid-item-bg-wrap\"><div class=\"cflow-el-parallax-scroll\" data-scroll-animation=\"true\" data-scroll-animation-mobile=\"true\" data-scroll-animation-intensity=\"-0.75\" data-scroll-animation-lerp=\"1\"><div class=\"cflow-post-grid-item-bg-wrap-inner\"><div class=\"cflow-post-grid-item-bg\"><img loading=\"lazy\" decoding=\"async\" class=\"cflow-lazy skip-lazy\" src=\"data:image\/svg+xml;charset=utf-8,%3Csvg%20xmlns%3D'http%3A%2F%2Fwww.w3.org%2F2000%2Fsvg'%20viewBox%3D'0%200%201920%201280'%2F%3E\" alt=\"Paslaug\u0173 kokyb\u0117s vertinimas android aplikacija\" height=\"1280\" width=\"1920\" data-cflow-img-src=\"https:\/\/rvnski.eu\/wp-content\/uploads\/Paslaugu-vertinimas-statistika-1.webp\" data-cflow-img-srcset=\"https:\/\/rvnski.eu\/wp-content\/uploads\/Paslaugu-vertinimas-statistika-1.webp 1920w, https:\/\/rvnski.eu\/wp-content\/uploads\/Paslaugu-vertinimas-statistika-1-768x512.webp 768w, https:\/\/rvnski.eu\/wp-content\/uploads\/Paslaugu-vertinimas-statistika-1-1536x1024.webp 1536w, https:\/\/rvnski.eu\/wp-content\/uploads\/Paslaugu-vertinimas-statistika-1-18x12.webp 18w, https:\/\/rvnski.eu\/wp-content\/uploads\/Paslaugu-vertinimas-statistika-1-900x600.webp 900w\" sizes=\"auto, (max-width: 1920px) 100vw, 1920px\" \/><\/div><\/div><\/div><\/div><div class=\"bg-overlay\" style=\" background-color: #161519;\" data-opacity=\"0.3\" data-hover-opacity=\"0.5\"><\/div><div class=\"content\"><span class=\"cflow-post-grid__arrow-indicator\"><svg stroke=\"currentColor\" fill=\"currentColor\" stroke-width=\"0\" viewbox=\"60 58 140 140\" height=\"200px\" width=\"200px\" xmlns=\"http:\/\/www.w3.org\/2000\/svg\"><path d=\"M198,64V168a6,6,0,0,1-12,0V78.48L68.24,196.24a6,6,0,0,1-8.48-8.48L177.52,70H88a6,6,0,0,1,0-12H192A6,6,0,0,1,198,64Z\"><\/path><\/svg><\/span><a class=\"cflow-post-grid-link\" href=\"https:\/\/rvnski.eu\/en\/sprendimai\/paslaugu-kokybes-vertinimas\/\" ><span class=\"screen-reader-text\">Service quality assessment<\/span><\/a><div class=\"item-main\"><h3 class=\"post-heading\"><a href=\"https:\/\/rvnski.eu\/en\/sprendimai\/paslaugu-kokybes-vertinimas\/\"><span>Service quality assessment<\/span><\/a><\/h3><\/div><\/div><\/div><\/div><div class=\"cflow-post-grid-item\" data-post-id=\"1924\" data-has-img=\"true\"> <div class=\"inner\"><div class=\"cflow-post-grid-item-bg-wrap\"><div class=\"cflow-el-parallax-scroll\" data-scroll-animation=\"true\" data-scroll-animation-mobile=\"true\" data-scroll-animation-intensity=\"-0.75\" data-scroll-animation-lerp=\"1\"><div class=\"cflow-post-grid-item-bg-wrap-inner\"><div class=\"cflow-post-grid-item-bg\"><img loading=\"lazy\" decoding=\"async\" class=\"cflow-lazy skip-lazy\" src=\"data:image\/svg+xml;charset=utf-8,%3Csvg%20xmlns%3D'http%3A%2F%2Fwww.w3.org%2F2000%2Fsvg'%20viewBox%3D'0%200%201920%201396'%2F%3E\" alt=\"REST API AI preki\u0173 apra\u0161ym\u0173 generatorius\" height=\"1396\" width=\"1920\" data-cflow-img-src=\"https:\/\/rvnski.eu\/wp-content\/uploads\/ai-tekstu-rasymas-hero.webp\" data-cflow-img-srcset=\"https:\/\/rvnski.eu\/wp-content\/uploads\/ai-tekstu-rasymas-hero.webp 1920w, https:\/\/rvnski.eu\/wp-content\/uploads\/ai-tekstu-rasymas-hero-768x558.webp 768w, https:\/\/rvnski.eu\/wp-content\/uploads\/ai-tekstu-rasymas-hero-1536x1117.webp 1536w, https:\/\/rvnski.eu\/wp-content\/uploads\/ai-tekstu-rasymas-hero-18x12.webp 18w\" sizes=\"auto, (max-width: 1920px) 100vw, 1920px\" \/><\/div><\/div><\/div><\/div><div class=\"bg-overlay\" style=\" background-color: #161519;\" data-opacity=\"0.3\" data-hover-opacity=\"0.5\"><\/div><div class=\"content\"><span class=\"cflow-post-grid__arrow-indicator\"><svg stroke=\"currentColor\" fill=\"currentColor\" stroke-width=\"0\" viewbox=\"60 58 140 140\" height=\"200px\" width=\"200px\" xmlns=\"http:\/\/www.w3.org\/2000\/svg\"><path d=\"M198,64V168a6,6,0,0,1-12,0V78.48L68.24,196.24a6,6,0,0,1-8.48-8.48L177.52,70H88a6,6,0,0,1,0-12H192A6,6,0,0,1,198,64Z\"><\/path><\/svg><\/span><a class=\"cflow-post-grid-link\" href=\"https:\/\/rvnski.eu\/en\/sprendimai\/ai-prekiu-aprasymu-generatorius\/\" ><span class=\"screen-reader-text\">AI preki\u0173 apra\u0161ym\u0173 generatorius<\/span><\/a><div class=\"item-main\"><h3 class=\"post-heading\"><a href=\"https:\/\/rvnski.eu\/en\/sprendimai\/ai-prekiu-aprasymu-generatorius\/\"><span>AI preki\u0173 apra\u0161ym\u0173 generatorius<\/span><\/a><\/h3><\/div><\/div><\/div><\/div><\/div><\/div>\n\t\t\t<\/div> \n\t\t<\/div>\n\t<\/div> \n<\/div><\/div>","protected":false},"excerpt":{"rendered":"","protected":false},"author":2,"featured_media":0,"parent":0,"menu_order":0,"comment_status":"closed","ping_status":"closed","template":"","meta":{"footnotes":""},"class_list":["post-1915","page","type-page","status-publish"],"yoast_head":"<!-- This site is optimized with the Yoast SEO plugin v27.4 - https:\/\/yoast.com\/product\/yoast-seo-wordpress\/ -->\n<title>Sprendimai - Prek\u0117s \u017eenklas &amp; S\u0105veika<\/title>\n<meta name=\"robots\" content=\"index, follow, max-snippet:-1, max-image-preview:large, max-video-preview:-1\" \/>\n<link rel=\"canonical\" href=\"https:\/\/rvnski.eu\/en\/sprendimai\/\" \/>\n<meta property=\"og:locale\" content=\"en_US\" \/>\n<meta property=\"og:type\" content=\"article\" \/>\n<meta property=\"og:title\" content=\"Sprendimai - Prek\u0117s \u017eenklas &amp; S\u0105veika\" \/>\n<meta property=\"og:url\" content=\"https:\/\/rvnski.eu\/en\/sprendimai\/\" \/>\n<meta property=\"og:site_name\" content=\"Prek\u0117s \u017eenklas &amp; S\u0105veika\" \/>\n<meta property=\"article:modified_time\" content=\"2025-04-25T21:11:36+00:00\" \/>\n<meta name=\"twitter:card\" content=\"summary_large_image\" \/>\n<script type=\"application\/ld+json\" class=\"yoast-schema-graph\">{\"@context\":\"https:\\\/\\\/schema.org\",\"@graph\":[{\"@type\":\"WebPage\",\"@id\":\"https:\\\/\\\/rvnski.eu\\\/sprendimai\\\/\",\"url\":\"https:\\\/\\\/rvnski.eu\\\/sprendimai\\\/\",\"name\":\"Sprendimai - Prek\u0117s \u017eenklas &amp; S\u0105veika\",\"isPartOf\":{\"@id\":\"https:\\\/\\\/rvnski.eu\\\/#website\"},\"datePublished\":\"2025-04-25T15:17:42+00:00\",\"dateModified\":\"2025-04-25T21:11:36+00:00\",\"breadcrumb\":{\"@id\":\"https:\\\/\\\/rvnski.eu\\\/sprendimai\\\/#breadcrumb\"},\"inLanguage\":\"en-US\",\"potentialAction\":[{\"@type\":\"ReadAction\",\"target\":[\"https:\\\/\\\/rvnski.eu\\\/sprendimai\\\/\"]}]},{\"@type\":\"BreadcrumbList\",\"@id\":\"https:\\\/\\\/rvnski.eu\\\/sprendimai\\\/#breadcrumb\",\"itemListElement\":[{\"@type\":\"ListItem\",\"position\":1,\"name\":\"Home\",\"item\":\"https:\\\/\\\/rvnski.eu\\\/\"},{\"@type\":\"ListItem\",\"position\":2,\"name\":\"Sprendimai\"}]},{\"@type\":\"WebSite\",\"@id\":\"https:\\\/\\\/rvnski.eu\\\/#website\",\"url\":\"https:\\\/\\\/rvnski.eu\\\/\",\"name\":\"Prek\u0117s \u017eenklas &amp; S\u0105veika\",\"description\":\"\",\"publisher\":{\"@id\":\"https:\\\/\\\/rvnski.eu\\\/#organization\"},\"potentialAction\":[{\"@type\":\"SearchAction\",\"target\":{\"@type\":\"EntryPoint\",\"urlTemplate\":\"https:\\\/\\\/rvnski.eu\\\/?s={search_term_string}\"},\"query-input\":{\"@type\":\"PropertyValueSpecification\",\"valueRequired\":true,\"valueName\":\"search_term_string\"}}],\"inLanguage\":\"en-US\"},{\"@type\":\"Organization\",\"@id\":\"https:\\\/\\\/rvnski.eu\\\/#organization\",\"name\":\"Prek\u0117s \u017eenklas &amp; S\u0105veika\",\"url\":\"https:\\\/\\\/rvnski.eu\\\/\",\"logo\":{\"@type\":\"ImageObject\",\"inLanguage\":\"en-US\",\"@id\":\"https:\\\/\\\/rvnski.eu\\\/#\\\/schema\\\/logo\\\/image\\\/\",\"url\":\"https:\\\/\\\/rvnski.eu\\\/wp-content\\\/uploads\\\/fav.png\",\"contentUrl\":\"https:\\\/\\\/rvnski.eu\\\/wp-content\\\/uploads\\\/fav.png\",\"width\":512,\"height\":512,\"caption\":\"Prek\u0117s \u017eenklas &amp; S\u0105veika\"},\"image\":{\"@id\":\"https:\\\/\\\/rvnski.eu\\\/#\\\/schema\\\/logo\\\/image\\\/\"}}]}<\/script>\n<!-- \/ Yoast SEO plugin. -->","yoast_head_json":{"title":"Sprendimai - Prek\u0117s \u017eenklas &amp; S\u0105veika","robots":{"index":"index","follow":"follow","max-snippet":"max-snippet:-1","max-image-preview":"max-image-preview:large","max-video-preview":"max-video-preview:-1"},"canonical":"https:\/\/rvnski.eu\/en\/sprendimai\/","og_locale":"en_US","og_type":"article","og_title":"Sprendimai - Prek\u0117s \u017eenklas &amp; S\u0105veika","og_url":"https:\/\/rvnski.eu\/en\/sprendimai\/","og_site_name":"Prek\u0117s \u017eenklas &amp; S\u0105veika","article_modified_time":"2025-04-25T21:11:36+00:00","twitter_card":"summary_large_image","schema":{"@context":"https:\/\/schema.org","@graph":[{"@type":"WebPage","@id":"https:\/\/rvnski.eu\/sprendimai\/","url":"https:\/\/rvnski.eu\/sprendimai\/","name":"Sprendimai - Prek\u0117s \u017eenklas &amp; S\u0105veika","isPartOf":{"@id":"https:\/\/rvnski.eu\/#website"},"datePublished":"2025-04-25T15:17:42+00:00","dateModified":"2025-04-25T21:11:36+00:00","breadcrumb":{"@id":"https:\/\/rvnski.eu\/sprendimai\/#breadcrumb"},"inLanguage":"en-US","potentialAction":[{"@type":"ReadAction","target":["https:\/\/rvnski.eu\/sprendimai\/"]}]},{"@type":"BreadcrumbList","@id":"https:\/\/rvnski.eu\/sprendimai\/#breadcrumb","itemListElement":[{"@type":"ListItem","position":1,"name":"Home","item":"https:\/\/rvnski.eu\/"},{"@type":"ListItem","position":2,"name":"Sprendimai"}]},{"@type":"WebSite","@id":"https:\/\/rvnski.eu\/#website","url":"https:\/\/rvnski.eu\/","name":"Branding &amp; Interaction","description":"","publisher":{"@id":"https:\/\/rvnski.eu\/#organization"},"potentialAction":[{"@type":"SearchAction","target":{"@type":"EntryPoint","urlTemplate":"https:\/\/rvnski.eu\/?s={search_term_string}"},"query-input":{"@type":"PropertyValueSpecification","valueRequired":true,"valueName":"search_term_string"}}],"inLanguage":"en-US"},{"@type":"Organization","@id":"https:\/\/rvnski.eu\/#organization","name":"Branding &amp; Interaction","url":"https:\/\/rvnski.eu\/","logo":{"@type":"ImageObject","inLanguage":"en-US","@id":"https:\/\/rvnski.eu\/#\/schema\/logo\/image\/","url":"https:\/\/rvnski.eu\/wp-content\/uploads\/fav.png","contentUrl":"https:\/\/rvnski.eu\/wp-content\/uploads\/fav.png","width":512,"height":512,"caption":"Prek\u0117s \u017eenklas &amp; S\u0105veika"},"image":{"@id":"https:\/\/rvnski.eu\/#\/schema\/logo\/image\/"}}]}},"_links":{"self":[{"href":"https:\/\/rvnski.eu\/en\/wp-json\/wp\/v2\/pages\/1915","targetHints":{"allow":["GET"]}}],"collection":[{"href":"https:\/\/rvnski.eu\/en\/wp-json\/wp\/v2\/pages"}],"about":[{"href":"https:\/\/rvnski.eu\/en\/wp-json\/wp\/v2\/types\/page"}],"author":[{"embeddable":true,"href":"https:\/\/rvnski.eu\/en\/wp-json\/wp\/v2\/users\/2"}],"replies":[{"embeddable":true,"href":"https:\/\/rvnski.eu\/en\/wp-json\/wp\/v2\/comments?post=1915"}],"version-history":[{"count":5,"href":"https:\/\/rvnski.eu\/en\/wp-json\/wp\/v2\/pages\/1915\/revisions"}],"predecessor-version":[{"id":1959,"href":"https:\/\/rvnski.eu\/en\/wp-json\/wp\/v2\/pages\/1915\/revisions\/1959"}],"wp:attachment":[{"href":"https:\/\/rvnski.eu\/en\/wp-json\/wp\/v2\/media?parent=1915"}],"curies":[{"name":"wp","href":"https:\/\/api.w.org\/{rel}","templated":true}]}}