{"id":1130,"date":"2024-06-02T17:28:43","date_gmt":"2024-06-02T15:28:43","guid":{"rendered":"https:\/\/rvnski.eu\/?page_id=1130"},"modified":"2025-09-10T19:56:13","modified_gmt":"2025-09-10T16:56:13","slug":"duk","status":"publish","type":"page","link":"https:\/\/rvnski.eu\/en\/duk\/","title":{"rendered":"DUK"},"content":{"rendered":"<div id=\"fws_69dfc44e9200a\"  data-column-margin=\"default\" data-midnight=\"dark\" data-top-percent=\"3%\" data-bottom-percent=\"6%\"  class=\"wpb_row vc_row-fluid vc_row full-width-section parallax_section zindex-set\"  style=\"padding-top: calc(100vw * 0.03); padding-bottom: calc(100vw * 0.06);  z-index: 10;\"><div class=\"row-bg-wrap\" data-bg-animation=\"none\" data-bg-animation-delay=\"\" data-bg-overlay=\"false\"><div class=\"inner-wrap row-bg-layer\" ><div class=\"row-bg viewport-desktop\" data-parallax-speed=\"fast\" style=\"\"><\/div><\/div><\/div><div class=\"row_col_wrap_12 col span_12 dark left\">\n\t<div  class=\"vc_col-sm-12 wpb_column column_container vc_column_container col no-extra-padding inherit_tablet inherit_phone\"  data-padding-pos=\"right\" data-has-bg-color=\"false\" data-bg-color=\"\" data-bg-opacity=\"1\" data-animation=\"\" data-delay=\"0\" >\n\t\t<div class=\"vc_column-inner\" >\n\t\t\t<div class=\"wpb_wrapper\">\n\t\t\t\t<div id=\"fws_69dfc44e92326\" data-midnight=\"\" data-column-margin=\"default\" class=\"wpb_row vc_row-fluid vc_row inner_row  bottom_padding_tablet_20px bottom_padding_phone_20px\"  style=\"padding-top: 3%; padding-bottom: 50px; \"><div class=\"row-bg-wrap\"> <div class=\"row-bg\" ><\/div> <\/div><div class=\"row_col_wrap_12_inner col span_12  left\">\n\t<div  class=\"vc_col-sm-12 wpb_column column_container vc_column_container col child_column no-extra-padding force-desktop-text-align-center inherit_tablet inherit_phone\"   data-padding-pos=\"all\" data-has-bg-color=\"false\" data-bg-color=\"\" data-bg-opacity=\"1\" data-animation=\"\" data-delay=\"0\" >\n\t\t<div class=\"vc_column-inner\" >\n\t\t<div class=\"wpb_wrapper\">\n\t\t\t<h1 style=\"font-size: 3vw;line-height: 1;text-align: left\" class=\"vc_custom_heading vc_do_custom_heading wpb_animate_when_almost_visible wpb_fadeInDown fadeInDown\" >Prie\u0161 kreipdamiesi<\/h1>\n<div class=\"wpb_text_column wpb_content_element\" >\n\t<div class=\"wpb_wrapper\">\n\t\t<p>Jau turime atsakymus \u012f populiariausius j\u016bs\u0173 klausimus.<\/p>\n\t<\/div>\n<\/div>\n\n\n\n\n\t\t<\/div> \n\t<\/div>\n\t<\/div> \n<\/div><\/div><div class=\"toggles accordion toggles--minimal-shadow\" data-br=\"15px\" data-starting=\"closed\" data-style=\"minimal\"><div class=\"toggle accent-color\" data-inner-wrap=\"true\"><h3 class=\"toggle-title\"><a href=\"#\" role=\"button\" class=\"cflow-inherit-h3 toggle-heading\"><i role=\"presentation\" class=\"fa fa-plus-circle\"><\/i>Kod\u0117l tur\u0117\u010diau rinktis \"RVNSKI\u2122\", o ne kitus paslaug\u0173 teik\u0117jus?<\/a><\/h3><div><div class=\"inner-toggle-wrap\">\n<div class=\"wpb_text_column wpb_content_element\" >\n\t<div class=\"wpb_wrapper\">\n\t\t<p>\u201eRVNSKI\u2122\u201c si\u016blo auk\u0161to lygio po\u017ei\u016br\u012f, ekspertin\u012f pritaikym\u0105, greit\u0105 atsak\u0105 ir plat\u0173 paslaug\u0173 spektr\u0105. M\u016bs\u0173 komanda dirba kartu su jumis, kad sukurtum\u0117te patogias, gra\u017eias ir patikimas svetaines, kuriomis galite pasikliauti. Turime beveik dviej\u0173 de\u0161imtme\u010di\u0173 patirt\u012f &#8211; nuo nedideli\u0173 pritaikym\u0173 ir auk\u0161\u010diausios kokyb\u0117s tem\u0173 k\u016brimo iki \u012fmoni\u0173 lygio SaaS sprendim\u0173.<\/p>\n\t<\/div>\n<\/div>\n\n\n\n<\/div><\/div><\/div><div class=\"toggle accent-color\" data-inner-wrap=\"true\"><h3 class=\"toggle-title\"><a href=\"#\" role=\"button\" class=\"cflow-inherit-h3 toggle-heading\"><i role=\"presentation\" class=\"fa fa-plus-circle\"><\/i>Ar prie\u0161 pradedant \u012fgyvendinti mano projekt\u0105 reikia sumok\u0117ti u\u017estat\u0105?<\/a><\/h3><div><div class=\"inner-toggle-wrap\">\n<div class=\"wpb_text_column wpb_content_element\" >\n\t<div class=\"wpb_wrapper\">\n\t\t<p>Taip, daugeliui projekt\u0173 reikia u\u017estato (arba i\u0161ankstinio apmok\u0117jimo), kad b\u016bt\u0173 u\u017etikrinta vieta ir prad\u0117tas darbas. Tiksli suma priklausys nuo projekto apimties, o visas detales i\u0161d\u0117stysime prie\u0161 prad\u0117dami darb\u0105.<\/p>\n\t<\/div>\n<\/div>\n\n\n\n<\/div><\/div><\/div><div class=\"toggle accent-color\" data-inner-wrap=\"true\"><h3 class=\"toggle-title\"><a href=\"#\" role=\"button\" class=\"cflow-inherit-h3 toggle-heading\"><i role=\"presentation\" class=\"fa fa-plus-circle\"><\/i>Kaip greitai galite prad\u0117ti dirbti su mano u\u017eklausa?<\/a><\/h3><div><div class=\"inner-toggle-wrap\">\n<div class=\"wpb_text_column wpb_content_element\" >\n\t<div class=\"wpb_wrapper\">\n\t\t<p>M\u016bs\u0173 atsakymo laikas priklauso nuo j\u016bs\u0173 u\u017eklausos sud\u0117tingumo ir m\u016bs\u0173 esamo tvarkara\u0161\u010dio. Ma\u017eesnes u\u017eduotis ar technin\u0117s prie\u017ei\u016bros pra\u0161ymus da\u017enai galime prad\u0117ti vykdyti per 1-2 darbo dienas. Didesniems projektams gali prireikti trumpo \u012fvadinio laikotarpio.<\/p>\n\t<\/div>\n<\/div>\n\n\n\n<\/div><\/div><\/div><div class=\"toggle accent-color\" data-inner-wrap=\"true\"><h3 class=\"toggle-title\"><a href=\"#\" role=\"button\" class=\"cflow-inherit-h3 toggle-heading\"><i role=\"presentation\" class=\"fa fa-plus-circle\"><\/i>Ar si\u016blote skubios pagalbos paslaugas?<\/a><\/h3><div><div class=\"inner-toggle-wrap\">\n<div class=\"wpb_text_column wpb_content_element\" >\n\t<div class=\"wpb_wrapper\">\n\t\t<p>\u017dinoma! M\u016bs\u0173 b\u016brys yra pasireng\u0119s spr\u0119sti tokias skubias problemas kaip svetain\u0117s prastovos, saugumo pa\u017eeidimai ir na\u0161umo problemos. Mes i\u0161gelb\u0117sime j\u016bs\u0173 svetain\u0119!<\/p>\n\t<\/div>\n<\/div>\n\n\n\n<\/div><\/div><\/div><div class=\"toggle accent-color\" data-inner-wrap=\"true\"><h3 class=\"toggle-title\"><a href=\"#\" role=\"button\" class=\"cflow-inherit-h3 toggle-heading\"><i role=\"presentation\" class=\"fa fa-plus-circle\"><\/i>Kas atsitinka, jei reikia papildom\u0173 darb\u0173, kurie vir\u0161ija pradin\u0119 apimt\u012f?<\/a><\/h3><div><div class=\"inner-toggle-wrap\">\n<div class=\"wpb_text_column wpb_content_element\" >\n\t<div class=\"wpb_wrapper\">\n\t\t<p>Kartu su jumis per\u017ei\u016br\u0117sime papildomus reikalavimus ir pateiksime ai\u0161ki\u0105 papildom\u0173 darb\u0173 s\u0105mat\u0105. M\u016bs\u0173 valandiniai paketai ir lanks\u010dios prenumeratos galimyb\u0117s leid\u017eia lengvai pritaikyti paslaug\u0173 apimt\u012f pagal poreik\u012f.<\/p>\n\t<\/div>\n<\/div>\n\n\n\n<\/div><\/div><\/div><\/div>\n\n\n\n\n\n\n\n\n\n\n\n\n\n\n\n\n\n\n\n\n\t\t\t<\/div> \n\t\t<\/div>\n\t<\/div> \n<\/div><\/div>","protected":false},"excerpt":{"rendered":"Prie\u0161 kreipdamiesi Jau turime atsakymus \u012f populiariausius j\u016bs\u0173 klausimus. Kod\u0117l tur\u0117\u010diau rinktis \"RVNSKI\u2122\", o ne kitus paslaug\u0173 teik\u0117jus? \u201eRVNSKI\u2122\u201c si\u016blo auk\u0161to lygio po\u017ei\u016br\u012f, ekspertin\u012f pritaikym\u0105, greit\u0105 atsak\u0105 ir plat\u0173 paslaug\u0173...","protected":false},"author":2,"featured_media":0,"parent":0,"menu_order":0,"comment_status":"closed","ping_status":"closed","template":"","meta":{"footnotes":""},"class_list":["post-1130","page","type-page","status-publish"],"yoast_head":"<!-- This site is optimized with the Yoast SEO plugin v27.4 - https:\/\/yoast.com\/product\/yoast-seo-wordpress\/ -->\n<title>DUK - Prek\u0117s \u017eenklas &amp; S\u0105veika<\/title>\n<meta name=\"description\" content=\"The key factors for a successful online store include product assortment, user experience, security, speed, service quality, marketing.\" \/>\n<meta name=\"robots\" content=\"index, follow, max-snippet:-1, max-image-preview:large, max-video-preview:-1\" \/>\n<link rel=\"canonical\" href=\"https:\/\/rvnski.eu\/en\/duk\/\" \/>\n<meta property=\"og:locale\" content=\"en_US\" \/>\n<meta property=\"og:type\" content=\"article\" \/>\n<meta property=\"og:title\" content=\"FAQs - Branding &amp; Interaction\" \/>\n<meta property=\"og:description\" content=\"The key factors for a successful online store include product assortment, user experience, security, speed, service quality, marketing.\" \/>\n<meta property=\"og:url\" content=\"https:\/\/rvnski.eu\/en\/duk\/\" \/>\n<meta property=\"og:site_name\" content=\"Prek\u0117s \u017eenklas &amp; S\u0105veika\" \/>\n<meta property=\"article:modified_time\" content=\"2025-09-10T16:56:13+00:00\" \/>\n<meta property=\"og:image\" content=\"https:\/\/rvnski.eu\/wp-content\/uploads\/soc.jpg\" \/>\n\t<meta property=\"og:image:width\" content=\"1134\" \/>\n\t<meta property=\"og:image:height\" content=\"661\" \/>\n\t<meta property=\"og:image:type\" content=\"image\/jpeg\" \/>\n<meta name=\"twitter:card\" content=\"summary_large_image\" \/>\n<meta name=\"twitter:title\" content=\"FAQs - Branding &amp; Interaction\" \/>\n<meta name=\"twitter:description\" content=\"The key factors for a successful online store include product assortment, user experience, security, speed, service quality, marketing.\" \/>\n<meta name=\"twitter:image\" content=\"https:\/\/rvnski.eu\/wp-content\/uploads\/soc.jpg\" \/>\n<meta name=\"twitter:label1\" content=\"Est. reading time\" \/>\n\t<meta name=\"twitter:data1\" content=\"1 minute\" \/>\n<script type=\"application\/ld+json\" class=\"yoast-schema-graph\">{\"@context\":\"https:\\\/\\\/schema.org\",\"@graph\":[{\"@type\":\"WebPage\",\"@id\":\"https:\\\/\\\/rvnski.eu\\\/duk\\\/\",\"url\":\"https:\\\/\\\/rvnski.eu\\\/duk\\\/\",\"name\":\"DUK - Prek\u0117s \u017eenklas &amp; S\u0105veika\",\"isPartOf\":{\"@id\":\"https:\\\/\\\/rvnski.eu\\\/#website\"},\"datePublished\":\"2024-06-02T15:28:43+00:00\",\"dateModified\":\"2025-09-10T16:56:13+00:00\",\"description\":\"The key factors for a successful online store include product assortment, user experience, security, speed, service quality, marketing.\",\"breadcrumb\":{\"@id\":\"https:\\\/\\\/rvnski.eu\\\/duk\\\/#breadcrumb\"},\"inLanguage\":\"en-US\",\"potentialAction\":[{\"@type\":\"ReadAction\",\"target\":[\"https:\\\/\\\/rvnski.eu\\\/duk\\\/\"]}]},{\"@type\":\"BreadcrumbList\",\"@id\":\"https:\\\/\\\/rvnski.eu\\\/duk\\\/#breadcrumb\",\"itemListElement\":[{\"@type\":\"ListItem\",\"position\":1,\"name\":\"Home\",\"item\":\"https:\\\/\\\/rvnski.eu\\\/\"},{\"@type\":\"ListItem\",\"position\":2,\"name\":\"DUK\"}]},{\"@type\":\"WebSite\",\"@id\":\"https:\\\/\\\/rvnski.eu\\\/#website\",\"url\":\"https:\\\/\\\/rvnski.eu\\\/\",\"name\":\"Prek\u0117s \u017eenklas &amp; S\u0105veika\",\"description\":\"\",\"publisher\":{\"@id\":\"https:\\\/\\\/rvnski.eu\\\/#organization\"},\"potentialAction\":[{\"@type\":\"SearchAction\",\"target\":{\"@type\":\"EntryPoint\",\"urlTemplate\":\"https:\\\/\\\/rvnski.eu\\\/?s={search_term_string}\"},\"query-input\":{\"@type\":\"PropertyValueSpecification\",\"valueRequired\":true,\"valueName\":\"search_term_string\"}}],\"inLanguage\":\"en-US\"},{\"@type\":\"Organization\",\"@id\":\"https:\\\/\\\/rvnski.eu\\\/#organization\",\"name\":\"Prek\u0117s \u017eenklas &amp; S\u0105veika\",\"url\":\"https:\\\/\\\/rvnski.eu\\\/\",\"logo\":{\"@type\":\"ImageObject\",\"inLanguage\":\"en-US\",\"@id\":\"https:\\\/\\\/rvnski.eu\\\/#\\\/schema\\\/logo\\\/image\\\/\",\"url\":\"https:\\\/\\\/rvnski.eu\\\/wp-content\\\/uploads\\\/fav.png\",\"contentUrl\":\"https:\\\/\\\/rvnski.eu\\\/wp-content\\\/uploads\\\/fav.png\",\"width\":512,\"height\":512,\"caption\":\"Prek\u0117s \u017eenklas &amp; S\u0105veika\"},\"image\":{\"@id\":\"https:\\\/\\\/rvnski.eu\\\/#\\\/schema\\\/logo\\\/image\\\/\"}}]}<\/script>\n<!-- \/ Yoast SEO plugin. -->","yoast_head_json":{"title":"DUK - Prek\u0117s \u017eenklas &amp; S\u0105veika","description":"The key factors for a successful online store include product assortment, user experience, security, speed, service quality, marketing.","robots":{"index":"index","follow":"follow","max-snippet":"max-snippet:-1","max-image-preview":"max-image-preview:large","max-video-preview":"max-video-preview:-1"},"canonical":"https:\/\/rvnski.eu\/en\/duk\/","og_locale":"en_US","og_type":"article","og_title":"FAQs - Branding & Interaction","og_description":"The key factors for a successful online store include product assortment, user experience, security, speed, service quality, marketing.","og_url":"https:\/\/rvnski.eu\/en\/duk\/","og_site_name":"Prek\u0117s \u017eenklas &amp; S\u0105veika","article_modified_time":"2025-09-10T16:56:13+00:00","og_image":[{"width":1134,"height":661,"url":"https:\/\/rvnski.eu\/wp-content\/uploads\/soc.jpg","type":"image\/jpeg"}],"twitter_card":"summary_large_image","twitter_title":"FAQs - Branding & Interaction","twitter_description":"The key factors for a successful online store include product assortment, user experience, security, speed, service quality, marketing.","twitter_image":"https:\/\/rvnski.eu\/wp-content\/uploads\/soc.jpg","twitter_misc":{"Est. reading time":"1 minute"},"schema":{"@context":"https:\/\/schema.org","@graph":[{"@type":"WebPage","@id":"https:\/\/rvnski.eu\/duk\/","url":"https:\/\/rvnski.eu\/duk\/","name":"DUK - Prek\u0117s \u017eenklas &amp; S\u0105veika","isPartOf":{"@id":"https:\/\/rvnski.eu\/#website"},"datePublished":"2024-06-02T15:28:43+00:00","dateModified":"2025-09-10T16:56:13+00:00","description":"The key factors for a successful online store include product assortment, user experience, security, speed, service quality, marketing.","breadcrumb":{"@id":"https:\/\/rvnski.eu\/duk\/#breadcrumb"},"inLanguage":"en-US","potentialAction":[{"@type":"ReadAction","target":["https:\/\/rvnski.eu\/duk\/"]}]},{"@type":"BreadcrumbList","@id":"https:\/\/rvnski.eu\/duk\/#breadcrumb","itemListElement":[{"@type":"ListItem","position":1,"name":"Home","item":"https:\/\/rvnski.eu\/"},{"@type":"ListItem","position":2,"name":"DUK"}]},{"@type":"WebSite","@id":"https:\/\/rvnski.eu\/#website","url":"https:\/\/rvnski.eu\/","name":"Branding &amp; Interaction","description":"","publisher":{"@id":"https:\/\/rvnski.eu\/#organization"},"potentialAction":[{"@type":"SearchAction","target":{"@type":"EntryPoint","urlTemplate":"https:\/\/rvnski.eu\/?s={search_term_string}"},"query-input":{"@type":"PropertyValueSpecification","valueRequired":true,"valueName":"search_term_string"}}],"inLanguage":"en-US"},{"@type":"Organization","@id":"https:\/\/rvnski.eu\/#organization","name":"Branding &amp; Interaction","url":"https:\/\/rvnski.eu\/","logo":{"@type":"ImageObject","inLanguage":"en-US","@id":"https:\/\/rvnski.eu\/#\/schema\/logo\/image\/","url":"https:\/\/rvnski.eu\/wp-content\/uploads\/fav.png","contentUrl":"https:\/\/rvnski.eu\/wp-content\/uploads\/fav.png","width":512,"height":512,"caption":"Prek\u0117s \u017eenklas &amp; S\u0105veika"},"image":{"@id":"https:\/\/rvnski.eu\/#\/schema\/logo\/image\/"}}]}},"_links":{"self":[{"href":"https:\/\/rvnski.eu\/en\/wp-json\/wp\/v2\/pages\/1130","targetHints":{"allow":["GET"]}}],"collection":[{"href":"https:\/\/rvnski.eu\/en\/wp-json\/wp\/v2\/pages"}],"about":[{"href":"https:\/\/rvnski.eu\/en\/wp-json\/wp\/v2\/types\/page"}],"author":[{"embeddable":true,"href":"https:\/\/rvnski.eu\/en\/wp-json\/wp\/v2\/users\/2"}],"replies":[{"embeddable":true,"href":"https:\/\/rvnski.eu\/en\/wp-json\/wp\/v2\/comments?post=1130"}],"version-history":[{"count":40,"href":"https:\/\/rvnski.eu\/en\/wp-json\/wp\/v2\/pages\/1130\/revisions"}],"predecessor-version":[{"id":2087,"href":"https:\/\/rvnski.eu\/en\/wp-json\/wp\/v2\/pages\/1130\/revisions\/2087"}],"wp:attachment":[{"href":"https:\/\/rvnski.eu\/en\/wp-json\/wp\/v2\/media?parent=1130"}],"curies":[{"name":"wp","href":"https:\/\/api.w.org\/{rel}","templated":true}]}}